{"id":2886,"date":"2023-02-16T14:56:52","date_gmt":"2023-02-16T13:56:52","guid":{"rendered":"https:\/\/empark.cmspro.telpark.com\/nosotros\/"},"modified":"2026-03-31T11:13:59","modified_gmt":"2026-03-31T10:13:59","slug":"sobre-nos","status":"publish","type":"page","link":"https:\/\/www.empark.com\/pt\/sobre-nos\/","title":{"rendered":"Sobre n\u00f3s"},"content":{"rendered":"\n<section class=\"tpk-hero tpk-hero--products                lower\"\n         style=\"\">\n                        <picture >\n\n                    <source srcset=\"https:\/\/www.empark.com\/wp-content\/uploads\/sites\/2\/2023\/04\/nosotros-480x551.jpg\" media=\"((min-width: 0rem) and (max-width: 30rem))\">\n                             <source srcset=\"https:\/\/www.empark.com\/wp-content\/uploads\/sites\/2\/2023\/04\/nosotros-1024x500.jpg\" media=\"(min-width: 30rem) and (max-width: 64rem)\" >\n                            <source srcset=\"https:\/\/www.empark.com\/wp-content\/uploads\/sites\/2\/2023\/04\/nosotros.jpg\" media=\"(min-width: 64rem)\" >\n        \n        \n                                                                                                        \n        <img decoding=\"async\" fetchpriority=\"high\" src=\"https:\/\/www.empark.com\/wp-content\/uploads\/sites\/2\/2023\/04\/nosotros.jpg\" alt=\"\"  width=\"1630\" height=\"551\"  loading=\"eager\">\n    <\/picture>\n\n    \n            <div class=\"tpk-breadcrumb wrapper row\">\n    <nav aria-label=\"Breadcrumb\">\n        <ul>\n                            <li>\n                                            <span aria-current=\"page\">Inicio<\/span>\n                                    <\/li>\n                    <\/ul>\n    <\/nav>\n<\/div>        <div class=\"tpk-hero__content wrapper row\">\n                    <div class=\"col-xs-12 col-sm-12 pr-h pl-h\">\n                                <header class=\"tpk-head  wrapper\">\n    <p class=\"tpk-head__caption\">Sobre n\u00f3s<\/p>    <h1 class=\"tpk-head__title\">Uma empresa jovem com mais de 50 anos de experi\u00eancia<\/h1>    <\/header>\n            \n                    <\/div>\n    <\/div>\n            <div class=\"tpk-hero__cards row wrapper\">\n                                                                                        <div class=\"col-xs-12 col-sm-12 col-md-4 mb-1 pl-h pr-h\">\n                                                                    <\/div>\n                    <\/div>\n    <\/section>\n<div class=\"tpk-spinner__wrapper\">\n    <div class=\"tpk-spinner\"><\/div>\n<\/div>\n\n<article class=\"tpk-page\">\n    <div class=\"row wrapper center-xs tpk-page__content\">\n        <div class=\"col-xs-12 col-sm-10 col-md-8 pt-4 pb-4\">\n            <h3>Miss\u00e3o, vis\u00e3o e valores<\/h3>\n<p>Somos a refer\u00eancia em mobilidade na Pen\u00ednsula Ib\u00e9rica, oferecendo solu\u00e7\u00f5es abrangentes, especializadas e eficazes para a gest\u00e3o da mobilidade urbana; deixando um legado positivo na sociedade, promovendo e incorporando pr\u00e1ticas ESG na nossa ind\u00fastria. Temos um prop\u00f3sito muito claro, o de facilitar a nova mobilidade urbana de bens e pessoas, com os nossos valores sempre presentes nesse caminho: <strong>o nosso pensamento empreendedor, o nosso orgulho de perten\u00e7a, o pensamento sempre colocando-nos na pele do cliente, e tudo isto liderado por uma equipa unida que nos torna mais fortes<\/strong><\/p>\n<p><!--StartFragment --><\/p>\n<p><!--EndFragment --><\/p>\n<p><!--StartFragment --><\/p>\n<blockquote>\n<h4>Miss\u00e3o: Ajudar os nossos clientes a chegar ao seu destino. Mais r\u00e1pido, mais f\u00e1cil, mais sustent\u00e1vel.<\/h4>\n<p>&nbsp;<\/p>\n<h4>Vis\u00e3o: <span data-olk-copy-source=\"MessageBody\"> Facilitar la vida de las personas, creando posibilidades de forma sencilla e intuitiva.<\/span><\/h4>\n<\/blockquote>\n<p>Empark Aparcamientos y Servicios S. A.Oferece solu\u00e7\u00f5es completas, especializadas e eficazes para a gest\u00e3o da mobilidade urbana. O principal objetivo da equipa da Empark \u00e9 fazer com que o utilizador sinta que a experi\u00eancia de estacionar \u00e9 f\u00e1cil, confort\u00e1vel e eficiente; criar empatia entre os utilizadores e os espa\u00e7os da Empark, e evitar, neste processo, qualquer perce\u00e7\u00e3o de desconforto. Em resumo: a marca Empark significa para o utilizador um al\u00edvio, uma solu\u00e7\u00e3o gratificante para mover o seu carro na cidade<\/p>\n<p><img decoding=\"async\" loading=\"lazy\" class=\"alignnone size-full wp-image-1656\" src=\"https:\/\/www.empark.com\/wp-content\/uploads\/sites\/2\/2023\/06\/movilidad-urbana-empark.jpg\" alt=\"\" width=\"1000\" height=\"750\" \/><\/p>\n<p>Somos conscientes da import\u00e2ncia e relev\u00e2ncia dos nossos colaboradores na consecu\u00e7\u00e3o dos objetivos e do papel priorit\u00e1rio que as pessoas desempenham na nossa empresa. Por isso, o nosso compromisso com o desenvolvimento e a gest\u00e3o do talento, bem como o incentivo ao trabalho em equipa, s\u00e3o princ\u00edpios que aplicamos no nosso quotidiano.<\/p>\n<h3>\u00a0<\/h3>\n<h3>Hist\u00f3ria<\/h3>\n<p>Com mais de 50 anos de experi\u00eancia no setor e presen\u00e7a em mais de 150 cidades, a telpark \u00e9 o principal operador em gest\u00e3o integral de estacionamentos (Off Street), estacionamento regulado em via p\u00fablica (On Street) e carregamento el\u00e9trico em Espanha e Portugal.<\/p>\n<p><img decoding=\"async\" loading=\"lazy\" class=\"alignnone size-full wp-image-606\" src=\"https:\/\/www.empark.com\/wp-content\/uploads\/sites\/2\/2023\/05\/Asi_somos.jpg\" alt=\"\" width=\"1260\" height=\"495\" \/><\/p>\n<p>A empresa, que opera sob a marca comercial telpark, baseia o seu modelo de crescimento numa ampla oferta de servi\u00e7os orientada para construir a melhor experi\u00eancia global em torno da mobilidade urbana, com um forte compromisso com a inova\u00e7\u00e3o tecnol\u00f3gica como alavanca fundamental para colocar o cidad\u00e3o no centro da sua proposta.<\/p>\n<p>Colaboramos como parceiros de refer\u00eancia com as administra\u00e7\u00f5es p\u00fablicas, empresas de gest\u00e3o urbana e infraestruturas de transporte para melhorar a vida e a mobilidade nas cidades. Interagimos com tecnologias de ponta, plataformas digitais e desenvolvimentos de solu\u00e7\u00f5es personalizadas que se integram nos sistemas dos nossos clientes para garantir transpar\u00eancia, acesso \u00e0 informa\u00e7\u00e3o e controlo em tempo real da gest\u00e3o do estacionamento.<\/p>\n<p>&nbsp;<\/p>\n\n        <\/div>\n    <\/div>\n<\/article>\n\n<section class=\"tpk-cities tpk-cities--directive \">\n    <div class=\"wrapper row center-xs\">\n        <div class=\"col-xs-12 col-sm-10 col-md-8\">        \n                <header class=\"tpk-head  wrapper\">\n        <h2 class=\"tpk-head__title\">Dire\u00e7\u00e3o<\/h2>    <p>Contamos com uma equipa experiente, com uma m\u00e9dia de 15 anos de experi\u00eancia na ind\u00fastria e 10 anos de experi\u00eancia com o Grupo.<\/p>\n<p>A Empresa mant\u00e9m um grupo acionista de apoio com o seu principal acionista, MEIF 5, um fundo gerido pela Macquarie Infrastructure and Real Assets (MIRA), que oferece um profundo conhecimento do mercado de estacionamento, com uma vis\u00e3o a longo prazo.<\/p>\n<\/header>        <\/div>\n    <\/div>\n    <div class=\"tpk-cities__list row wrapper\">\n                                                                            <a href=\"#\" class=\"tpk-picture-text\">\n    <img decoding=\"async\" loading=\"lazy\" src=\"https:\/\/www.empark.com\/wp-content\/uploads\/sites\/2\/2023\/04\/Pedro_Agapito.jpg\" alt=\"\" width=\"132\" height=\"132\" \/>\n                        <h6 class=\"tpk-picture-text__title\">Pedro Agapito<\/h6>        \n                            <p>Chief Executive Officer (CEO)<\/p>\n            <\/a>                                                                            <a href=\"#\" class=\"tpk-picture-text\">\n    <img decoding=\"async\" loading=\"lazy\" src=\"https:\/\/www.empark.com\/wp-content\/uploads\/sites\/2\/2025\/04\/Inigo-duque-2-220x220.jpg\" alt=\"\" width=\"132\" height=\"132\" \/>\n                        <h6 class=\"tpk-picture-text__title\">I\u00f1igo Duque<\/h6>        \n                            <p>Chief Financial Officer (CFO)<\/p>\n            <\/a>                                                                            <a href=\"#\" class=\"tpk-picture-text\">\n    <img decoding=\"async\" loading=\"lazy\" src=\"https:\/\/www.empark.com\/wp-content\/uploads\/sites\/2\/2025\/04\/Imagen-Ale_2_cut-220x220.jpg\" alt=\"\" width=\"132\" height=\"132\" \/>\n                        <h6 class=\"tpk-picture-text__title\">Alejandra L\u00f3pez-Baiss\u00f3n<\/h6>        \n                            <p>Chief People &amp; Culture Officer (CHRO)<\/p>\n            <\/a>                                                                            <a href=\"#\" class=\"tpk-picture-text\">\n    <img decoding=\"async\" loading=\"lazy\" src=\"https:\/\/www.empark.com\/wp-content\/uploads\/sites\/2\/2023\/04\/Ignacion-Merry-del-Val-1.jpg\" alt=\"\" width=\"132\" height=\"132\" \/>\n                        <h6 class=\"tpk-picture-text__title\">Ignacio Merry del Val <\/h6>        \n                            <p>Chief Operating Officer Off-Street (COO Off-Street)<\/p>\n            <\/a>                                                                            <a href=\"#\" class=\"tpk-picture-text\">\n    <img decoding=\"async\" loading=\"lazy\" src=\"https:\/\/www.empark.com\/wp-content\/uploads\/sites\/2\/2023\/04\/Luis-Blanco-.jpg\" alt=\"\" width=\"132\" height=\"132\" \/>\n                        <h6 class=\"tpk-picture-text__title\">Luis Blanco<\/h6>        \n                            <p>Chief Operating Officer On-Street (COO On-Street)<\/p>\n            <\/a>                                                                            <a href=\"#\" class=\"tpk-picture-text\">\n    <img decoding=\"async\" loading=\"lazy\" src=\"https:\/\/www.empark.com\/wp-content\/uploads\/sites\/2\/2023\/04\/Max-Crane.jpg\" alt=\"\" width=\"132\" height=\"132\" \/>\n                        <h6 class=\"tpk-picture-text__title\">Max Crane-Robinson<\/h6>        \n                            <p>Chief Commercial Officer (CCO)<\/p>\n            <\/a>                                                                            <a href=\"#\" class=\"tpk-picture-text\">\n    <img decoding=\"async\" loading=\"lazy\" src=\"https:\/\/www.empark.com\/wp-content\/uploads\/sites\/2\/2023\/04\/Antonio_Jimenez.jpg\" alt=\"\" width=\"132\" height=\"132\" \/>\n                        <h6 class=\"tpk-picture-text__title\">Antonio Jim\u00e9nez<\/h6>        \n                            <p>Chief Business Development Officer (CBDO)<\/p>\n            <\/a>                                                                            <a href=\"#\" class=\"tpk-picture-text\">\n    <img decoding=\"async\" loading=\"lazy\" src=\"https:\/\/www.empark.com\/wp-content\/uploads\/sites\/2\/2023\/04\/Luciano_Verdi.jpg\" alt=\"\" width=\"132\" height=\"132\" \/>\n                        <h6 class=\"tpk-picture-text__title\">Luciano Verdi<\/h6>        \n                            <p>Chief Legal &amp; Compliance Officer (CL&amp;CO)<\/p>\n            <\/a>            <\/div>\n    <\/section>","protected":false},"excerpt":{"rendered":"","protected":false},"author":1,"featured_media":2887,"parent":0,"menu_order":0,"comment_status":"closed","ping_status":"closed","template":"","meta":{"footnotes":""},"yoast_head":"<!-- This site is optimized with the Yoast SEO plugin v20.12 - https:\/\/yoast.com\/wordpress\/plugins\/seo\/ -->\n<title>Sobre n\u00f3s - Empark<\/title>\n<meta name=\"robots\" content=\"index, follow, max-snippet:-1, max-image-preview:large, max-video-preview:-1\" \/>\n<link rel=\"canonical\" href=\"https:\/\/www.empark.com\/pt\/sobre-nos\/\" \/>\n<meta property=\"og:locale\" content=\"pt_PT\" \/>\n<meta property=\"og:type\" content=\"article\" \/>\n<meta property=\"og:title\" content=\"Sobre n\u00f3s - Empark\" \/>\n<meta property=\"og:url\" content=\"https:\/\/www.empark.com\/pt\/sobre-nos\/\" \/>\n<meta property=\"og:site_name\" content=\"Empark\" \/>\n<meta property=\"article:modified_time\" content=\"2026-03-31T10:13:59+00:00\" \/>\n<meta property=\"og:image\" content=\"https:\/\/www.empark.com\/wp-content\/uploads\/sites\/2\/2023\/04\/nosotros.jpg\" \/>\n\t<meta property=\"og:image:width\" content=\"1630\" \/>\n\t<meta property=\"og:image:height\" content=\"551\" \/>\n\t<meta property=\"og:image:type\" content=\"image\/jpeg\" \/>\n<meta name=\"twitter:card\" content=\"summary_large_image\" \/>\n<script type=\"application\/ld+json\" class=\"yoast-schema-graph\">{\"@context\":\"https:\/\/schema.org\",\"@graph\":[{\"@type\":\"WebPage\",\"@id\":\"https:\/\/www.empark.com\/pt\/sobre-nos\/\",\"url\":\"https:\/\/www.empark.com\/pt\/sobre-nos\/\",\"name\":\"Sobre n\u00f3s - Empark\",\"isPartOf\":{\"@id\":\"https:\/\/www.empark.com\/es\/#website\"},\"datePublished\":\"2023-02-16T13:56:52+00:00\",\"dateModified\":\"2026-03-31T10:13:59+00:00\",\"breadcrumb\":{\"@id\":\"https:\/\/www.empark.com\/pt\/sobre-nos\/#breadcrumb\"},\"inLanguage\":\"pt-PT\",\"potentialAction\":[{\"@type\":\"ReadAction\",\"target\":[\"https:\/\/www.empark.com\/pt\/sobre-nos\/\"]}]},{\"@type\":\"BreadcrumbList\",\"@id\":\"https:\/\/www.empark.com\/pt\/sobre-nos\/#breadcrumb\",\"itemListElement\":[{\"@type\":\"ListItem\",\"position\":1,\"name\":\"Home\",\"item\":\"https:\/\/www.empark.com\/pt\/\"},{\"@type\":\"ListItem\",\"position\":2,\"name\":\"Sobre n\u00f3s\"}]},{\"@type\":\"WebSite\",\"@id\":\"https:\/\/www.empark.com\/es\/#website\",\"url\":\"https:\/\/www.empark.com\/es\/\",\"name\":\"Empark\",\"description\":\"L\u00edderes en el sector de aparcamientos y movilidad, con m\u00e1s de 455.000 plazas de aparcamiento que facilitan el desplazamiento de 150 millones de personas\",\"publisher\":{\"@id\":\"https:\/\/www.empark.com\/es\/#organization\"},\"potentialAction\":[{\"@type\":\"SearchAction\",\"target\":{\"@type\":\"EntryPoint\",\"urlTemplate\":\"https:\/\/www.empark.com\/es\/?s={search_term_string}\"},\"query-input\":\"required name=search_term_string\"}],\"inLanguage\":\"pt-PT\"},{\"@type\":\"Organization\",\"@id\":\"https:\/\/www.empark.com\/es\/#organization\",\"name\":\"Empark\",\"url\":\"https:\/\/www.empark.com\/es\/\",\"logo\":{\"@type\":\"ImageObject\",\"inLanguage\":\"pt-PT\",\"@id\":\"https:\/\/www.empark.com\/es\/#\/schema\/logo\/image\/\",\"url\":\"https:\/\/www.empark.com\/wp-content\/uploads\/sites\/2\/2023\/09\/empark-logo.svg\",\"contentUrl\":\"https:\/\/www.empark.com\/wp-content\/uploads\/sites\/2\/2023\/09\/empark-logo.svg\",\"width\":100,\"height\":32,\"caption\":\"Empark\"},\"image\":{\"@id\":\"https:\/\/www.empark.com\/es\/#\/schema\/logo\/image\/\"}}]}<\/script>\n<!-- \/ Yoast SEO plugin. -->","yoast_head_json":{"title":"Sobre n\u00f3s - Empark","robots":{"index":"index","follow":"follow","max-snippet":"max-snippet:-1","max-image-preview":"max-image-preview:large","max-video-preview":"max-video-preview:-1"},"canonical":"https:\/\/www.empark.com\/pt\/sobre-nos\/","og_locale":"pt_PT","og_type":"article","og_title":"Sobre n\u00f3s - Empark","og_url":"https:\/\/www.empark.com\/pt\/sobre-nos\/","og_site_name":"Empark","article_modified_time":"2026-03-31T10:13:59+00:00","og_image":[{"width":1630,"height":551,"url":"https:\/\/www.empark.com\/wp-content\/uploads\/sites\/2\/2023\/04\/nosotros.jpg","type":"image\/jpeg"}],"twitter_card":"summary_large_image","schema":{"@context":"https:\/\/schema.org","@graph":[{"@type":"WebPage","@id":"https:\/\/www.empark.com\/pt\/sobre-nos\/","url":"https:\/\/www.empark.com\/pt\/sobre-nos\/","name":"Sobre n\u00f3s - Empark","isPartOf":{"@id":"https:\/\/www.empark.com\/es\/#website"},"datePublished":"2023-02-16T13:56:52+00:00","dateModified":"2026-03-31T10:13:59+00:00","breadcrumb":{"@id":"https:\/\/www.empark.com\/pt\/sobre-nos\/#breadcrumb"},"inLanguage":"pt-PT","potentialAction":[{"@type":"ReadAction","target":["https:\/\/www.empark.com\/pt\/sobre-nos\/"]}]},{"@type":"BreadcrumbList","@id":"https:\/\/www.empark.com\/pt\/sobre-nos\/#breadcrumb","itemListElement":[{"@type":"ListItem","position":1,"name":"Home","item":"https:\/\/www.empark.com\/pt\/"},{"@type":"ListItem","position":2,"name":"Sobre n\u00f3s"}]},{"@type":"WebSite","@id":"https:\/\/www.empark.com\/es\/#website","url":"https:\/\/www.empark.com\/es\/","name":"Empark","description":"L\u00edderes en el sector de aparcamientos y movilidad, con m\u00e1s de 455.000 plazas de aparcamiento que facilitan el desplazamiento de 150 millones de personas","publisher":{"@id":"https:\/\/www.empark.com\/es\/#organization"},"potentialAction":[{"@type":"SearchAction","target":{"@type":"EntryPoint","urlTemplate":"https:\/\/www.empark.com\/es\/?s={search_term_string}"},"query-input":"required name=search_term_string"}],"inLanguage":"pt-PT"},{"@type":"Organization","@id":"https:\/\/www.empark.com\/es\/#organization","name":"Empark","url":"https:\/\/www.empark.com\/es\/","logo":{"@type":"ImageObject","inLanguage":"pt-PT","@id":"https:\/\/www.empark.com\/es\/#\/schema\/logo\/image\/","url":"https:\/\/www.empark.com\/wp-content\/uploads\/sites\/2\/2023\/09\/empark-logo.svg","contentUrl":"https:\/\/www.empark.com\/wp-content\/uploads\/sites\/2\/2023\/09\/empark-logo.svg","width":100,"height":32,"caption":"Empark"},"image":{"@id":"https:\/\/www.empark.com\/es\/#\/schema\/logo\/image\/"}}]}},"meta_box":[],"_links":{"self":[{"href":"https:\/\/www.empark.com\/pt\/wp-json\/wp\/v2\/pages\/2886"}],"collection":[{"href":"https:\/\/www.empark.com\/pt\/wp-json\/wp\/v2\/pages"}],"about":[{"href":"https:\/\/www.empark.com\/pt\/wp-json\/wp\/v2\/types\/page"}],"author":[{"embeddable":true,"href":"https:\/\/www.empark.com\/pt\/wp-json\/wp\/v2\/users\/1"}],"replies":[{"embeddable":true,"href":"https:\/\/www.empark.com\/pt\/wp-json\/wp\/v2\/comments?post=2886"}],"version-history":[{"count":3,"href":"https:\/\/www.empark.com\/pt\/wp-json\/wp\/v2\/pages\/2886\/revisions"}],"predecessor-version":[{"id":4876,"href":"https:\/\/www.empark.com\/pt\/wp-json\/wp\/v2\/pages\/2886\/revisions\/4876"}],"wp:featuredmedia":[{"embeddable":true,"href":"https:\/\/www.empark.com\/pt\/wp-json\/wp\/v2\/media\/2887"}],"wp:attachment":[{"href":"https:\/\/www.empark.com\/pt\/wp-json\/wp\/v2\/media?parent=2886"}],"curies":[{"name":"wp","href":"https:\/\/api.w.org\/{rel}","templated":true}]}}