{"id":2836,"date":"2023-04-17T10:56:30","date_gmt":"2023-04-17T09:56:30","guid":{"rendered":"https:\/\/empark.cmspro.telpark.com\/nuestras-ofertas\/"},"modified":"2024-09-09T10:06:08","modified_gmt":"2024-09-09T09:06:08","slug":"ofertas-de-emprego","status":"publish","type":"page","link":"https:\/\/www.empark.com\/pt\/ofertas-de-emprego\/","title":{"rendered":"Ofertas de emprego"},"content":{"rendered":"\n<section class=\"tpk-hero tpk-hero--products                lower\"\n         style=\"\">\n                        <picture >\n\n                    <source srcset=\"https:\/\/www.empark.com\/wp-content\/uploads\/sites\/2\/2023\/09\/woman-4702060_1280-480x640.jpg\" media=\"((min-width: 0rem) and (max-width: 30rem))\">\n                             <source srcset=\"https:\/\/www.empark.com\/wp-content\/uploads\/sites\/2\/2023\/09\/woman-4702060_1280-1024x500.jpg\" media=\"(min-width: 30rem) and (max-width: 64rem)\" >\n                            <source srcset=\"https:\/\/www.empark.com\/wp-content\/uploads\/sites\/2\/2023\/09\/woman-4702060_1280-1280x640.jpg\" media=\"(min-width: 64rem)\" >\n        \n        \n                                                                                                        \n        <img decoding=\"async\" fetchpriority=\"high\" src=\"https:\/\/www.empark.com\/wp-content\/uploads\/sites\/2\/2023\/09\/woman-4702060_1280-1280x640.jpg\" alt=\"\"  width=\"1280\" height=\"640\"  loading=\"eager\">\n    <\/picture>\n\n    \n            <div class=\"tpk-breadcrumb wrapper row\">\n    <nav aria-label=\"Breadcrumb\">\n        <ul>\n                            <li>\n                                            <span aria-current=\"page\">Inicio<\/span>\n                                    <\/li>\n                    <\/ul>\n    <\/nav>\n<\/div>        <div class=\"tpk-hero__content wrapper row\">\n                    <div class=\"col-xs-12 col-sm-12 pr-h pl-h\">\n                                <header class=\"tpk-head  wrapper\">\n    <p class=\"tpk-head__caption\">Ofertas de emprego<\/p>    <h2 class=\"tpk-head__title\">Junta-te \u00e0 nossa equipa<\/h2>    <p>&nbsp;<\/p>\n<p>&nbsp;<\/p>\n<\/header>\n            \n                    <\/div>\n    <\/div>\n            <div class=\"tpk-hero__cards row wrapper\">\n                                                                                        <div class=\"col-xs-12 col-sm-12 col-md-4 mb-1 pl-h pr-h\">\n                                                                    <\/div>\n                    <\/div>\n    <\/section>\n<div class=\"tpk-spinner__wrapper\">\n    <div class=\"tpk-spinner\"><\/div>\n<\/div>\n\n<article class=\"tpk-page\">\n    <div class=\"row wrapper center-xs tpk-page__content\">\n        <div class=\"col-xs-12 col-sm-10 col-md-8 pt-4 pb-4\">\n            <h2><strong>Se h\u00e1 algo que nos move e nos apaixona na telpark, \u00e9 o Talento<\/strong><\/h2>\n<p>Se desejas viver uma experi\u00eancia de inova\u00e7\u00e3o, tornar-te um agente de mudan\u00e7a no mundo da mobilidade e fazer parte de uma empresa em pleno crescimento, esta \u00e9 a tua oportunidade. Visita o nosso portal de ofertas de emprego e faz parte da empresa l\u00edder na gest\u00e3o de estacionamentos, ve\u00edculos el\u00e9tricos e solu\u00e7\u00f5es de mobilidade urbana para cidad\u00e3os e cidades em espa\u00e7os p\u00fablicos e parques de estacionamento.<\/p>\n<p>Temos mais de 4 milh\u00f5es de utilizadores na nossa aplica\u00e7\u00e3o (APP) telpark e uma equipa com mais de 1.700 colaboradores. Somos uma empresa inovadora e digital, comprometida em deixar um legado positivo na sociedade e com o apoio que adv\u00e9m de fazer parte do fundo de investimento Macquarie European Infraestructure Fund<\/p>\n<p>&nbsp;<\/p>\n\n        <\/div>\n    <\/div>\n<\/article>\n\n\n\n<section\n        class=\"tpk-banner-cta tpk-banner-cta--background center  corporate\"\n        style=\"background-color:#ff9903;\">\n    \n        \n    <div class=\"tpk-banner-cta__content row wrapper middle-xs \">\n        \n                    <div class=\"col-xs-12 col-md-6 tpk-banner-cta__content__text\">\n                \n                                            <header class=\"tpk-head  wrapper\">\n        <h1 class=\"tpk-head__title\">Consulta as nossas ofertas de emprego<\/h1>    <\/header>                \n                                    <div class=\"tpk-banner-cta__buttons\">\n                                                                                <a  class=\"tpk-button tpk-button--secondary tpk-button--lg \" href=\"https:\/\/telpark.wd103.myworkdayjobs.com\/pt-BR\/Telpark_external\"    target=\"_blank\" >\n    <span>Posi\u00e7\u00f5es abertas<\/span>\n    <\/a>                                            <\/div>\n                                        <\/div>\n        <\/div>\n    \n    <\/section>","protected":false},"excerpt":{"rendered":"","protected":false},"author":1,"featured_media":2838,"parent":0,"menu_order":0,"comment_status":"closed","ping_status":"closed","template":"","meta":{"footnotes":""},"yoast_head":"<!-- This site is optimized with the Yoast SEO plugin v20.12 - https:\/\/yoast.com\/wordpress\/plugins\/seo\/ -->\n<title>Ofertas de emprego - Empark<\/title>\n<meta name=\"robots\" content=\"index, follow, max-snippet:-1, max-image-preview:large, max-video-preview:-1\" \/>\n<link rel=\"canonical\" href=\"https:\/\/www.empark.com\/pt\/ofertas-de-emprego\/\" \/>\n<meta property=\"og:locale\" content=\"pt_PT\" \/>\n<meta property=\"og:type\" content=\"article\" \/>\n<meta property=\"og:title\" content=\"Ofertas de emprego - Empark\" \/>\n<meta property=\"og:url\" content=\"https:\/\/www.empark.com\/pt\/ofertas-de-emprego\/\" \/>\n<meta property=\"og:site_name\" content=\"Empark\" \/>\n<meta property=\"article:modified_time\" content=\"2024-09-09T09:06:08+00:00\" \/>\n<meta property=\"og:image\" content=\"https:\/\/www.empark.com\/wp-content\/uploads\/sites\/2\/2023\/04\/Nuestras_ofertas_header.jpg\" \/>\n\t<meta property=\"og:image:width\" content=\"812\" \/>\n\t<meta property=\"og:image:height\" content=\"276\" \/>\n\t<meta property=\"og:image:type\" content=\"image\/jpeg\" \/>\n<meta name=\"twitter:card\" content=\"summary_large_image\" \/>\n<script type=\"application\/ld+json\" class=\"yoast-schema-graph\">{\"@context\":\"https:\/\/schema.org\",\"@graph\":[{\"@type\":\"WebPage\",\"@id\":\"https:\/\/www.empark.com\/pt\/ofertas-de-emprego\/\",\"url\":\"https:\/\/www.empark.com\/pt\/ofertas-de-emprego\/\",\"name\":\"Ofertas de emprego - Empark\",\"isPartOf\":{\"@id\":\"https:\/\/www.empark.com\/es\/#website\"},\"datePublished\":\"2023-04-17T09:56:30+00:00\",\"dateModified\":\"2024-09-09T09:06:08+00:00\",\"breadcrumb\":{\"@id\":\"https:\/\/www.empark.com\/pt\/ofertas-de-emprego\/#breadcrumb\"},\"inLanguage\":\"pt-PT\",\"potentialAction\":[{\"@type\":\"ReadAction\",\"target\":[\"https:\/\/www.empark.com\/pt\/ofertas-de-emprego\/\"]}]},{\"@type\":\"BreadcrumbList\",\"@id\":\"https:\/\/www.empark.com\/pt\/ofertas-de-emprego\/#breadcrumb\",\"itemListElement\":[{\"@type\":\"ListItem\",\"position\":1,\"name\":\"Home\",\"item\":\"https:\/\/www.empark.com\/pt\/\"},{\"@type\":\"ListItem\",\"position\":2,\"name\":\"Ofertas de emprego\"}]},{\"@type\":\"WebSite\",\"@id\":\"https:\/\/www.empark.com\/es\/#website\",\"url\":\"https:\/\/www.empark.com\/es\/\",\"name\":\"Empark\",\"description\":\"L\u00edderes en el sector de aparcamientos y movilidad, con m\u00e1s de 455.000 plazas de aparcamiento que facilitan el desplazamiento de 150 millones de personas\",\"publisher\":{\"@id\":\"https:\/\/www.empark.com\/es\/#organization\"},\"potentialAction\":[{\"@type\":\"SearchAction\",\"target\":{\"@type\":\"EntryPoint\",\"urlTemplate\":\"https:\/\/www.empark.com\/es\/?s={search_term_string}\"},\"query-input\":\"required name=search_term_string\"}],\"inLanguage\":\"pt-PT\"},{\"@type\":\"Organization\",\"@id\":\"https:\/\/www.empark.com\/es\/#organization\",\"name\":\"Empark\",\"url\":\"https:\/\/www.empark.com\/es\/\",\"logo\":{\"@type\":\"ImageObject\",\"inLanguage\":\"pt-PT\",\"@id\":\"https:\/\/www.empark.com\/es\/#\/schema\/logo\/image\/\",\"url\":\"https:\/\/www.empark.com\/wp-content\/uploads\/sites\/2\/2023\/09\/empark-logo.svg\",\"contentUrl\":\"https:\/\/www.empark.com\/wp-content\/uploads\/sites\/2\/2023\/09\/empark-logo.svg\",\"width\":100,\"height\":32,\"caption\":\"Empark\"},\"image\":{\"@id\":\"https:\/\/www.empark.com\/es\/#\/schema\/logo\/image\/\"}}]}<\/script>\n<!-- \/ Yoast SEO plugin. -->","yoast_head_json":{"title":"Ofertas de emprego - Empark","robots":{"index":"index","follow":"follow","max-snippet":"max-snippet:-1","max-image-preview":"max-image-preview:large","max-video-preview":"max-video-preview:-1"},"canonical":"https:\/\/www.empark.com\/pt\/ofertas-de-emprego\/","og_locale":"pt_PT","og_type":"article","og_title":"Ofertas de emprego - Empark","og_url":"https:\/\/www.empark.com\/pt\/ofertas-de-emprego\/","og_site_name":"Empark","article_modified_time":"2024-09-09T09:06:08+00:00","og_image":[{"width":812,"height":276,"url":"https:\/\/www.empark.com\/wp-content\/uploads\/sites\/2\/2023\/04\/Nuestras_ofertas_header.jpg","type":"image\/jpeg"}],"twitter_card":"summary_large_image","schema":{"@context":"https:\/\/schema.org","@graph":[{"@type":"WebPage","@id":"https:\/\/www.empark.com\/pt\/ofertas-de-emprego\/","url":"https:\/\/www.empark.com\/pt\/ofertas-de-emprego\/","name":"Ofertas de emprego - Empark","isPartOf":{"@id":"https:\/\/www.empark.com\/es\/#website"},"datePublished":"2023-04-17T09:56:30+00:00","dateModified":"2024-09-09T09:06:08+00:00","breadcrumb":{"@id":"https:\/\/www.empark.com\/pt\/ofertas-de-emprego\/#breadcrumb"},"inLanguage":"pt-PT","potentialAction":[{"@type":"ReadAction","target":["https:\/\/www.empark.com\/pt\/ofertas-de-emprego\/"]}]},{"@type":"BreadcrumbList","@id":"https:\/\/www.empark.com\/pt\/ofertas-de-emprego\/#breadcrumb","itemListElement":[{"@type":"ListItem","position":1,"name":"Home","item":"https:\/\/www.empark.com\/pt\/"},{"@type":"ListItem","position":2,"name":"Ofertas de emprego"}]},{"@type":"WebSite","@id":"https:\/\/www.empark.com\/es\/#website","url":"https:\/\/www.empark.com\/es\/","name":"Empark","description":"L\u00edderes en el sector de aparcamientos y movilidad, con m\u00e1s de 455.000 plazas de aparcamiento que facilitan el desplazamiento de 150 millones de personas","publisher":{"@id":"https:\/\/www.empark.com\/es\/#organization"},"potentialAction":[{"@type":"SearchAction","target":{"@type":"EntryPoint","urlTemplate":"https:\/\/www.empark.com\/es\/?s={search_term_string}"},"query-input":"required name=search_term_string"}],"inLanguage":"pt-PT"},{"@type":"Organization","@id":"https:\/\/www.empark.com\/es\/#organization","name":"Empark","url":"https:\/\/www.empark.com\/es\/","logo":{"@type":"ImageObject","inLanguage":"pt-PT","@id":"https:\/\/www.empark.com\/es\/#\/schema\/logo\/image\/","url":"https:\/\/www.empark.com\/wp-content\/uploads\/sites\/2\/2023\/09\/empark-logo.svg","contentUrl":"https:\/\/www.empark.com\/wp-content\/uploads\/sites\/2\/2023\/09\/empark-logo.svg","width":100,"height":32,"caption":"Empark"},"image":{"@id":"https:\/\/www.empark.com\/es\/#\/schema\/logo\/image\/"}}]}},"meta_box":[],"_links":{"self":[{"href":"https:\/\/www.empark.com\/pt\/wp-json\/wp\/v2\/pages\/2836"}],"collection":[{"href":"https:\/\/www.empark.com\/pt\/wp-json\/wp\/v2\/pages"}],"about":[{"href":"https:\/\/www.empark.com\/pt\/wp-json\/wp\/v2\/types\/page"}],"author":[{"embeddable":true,"href":"https:\/\/www.empark.com\/pt\/wp-json\/wp\/v2\/users\/1"}],"replies":[{"embeddable":true,"href":"https:\/\/www.empark.com\/pt\/wp-json\/wp\/v2\/comments?post=2836"}],"version-history":[{"count":3,"href":"https:\/\/www.empark.com\/pt\/wp-json\/wp\/v2\/pages\/2836\/revisions"}],"predecessor-version":[{"id":3871,"href":"https:\/\/www.empark.com\/pt\/wp-json\/wp\/v2\/pages\/2836\/revisions\/3871"}],"wp:featuredmedia":[{"embeddable":true,"href":"https:\/\/www.empark.com\/pt\/wp-json\/wp\/v2\/media\/2838"}],"wp:attachment":[{"href":"https:\/\/www.empark.com\/pt\/wp-json\/wp\/v2\/media?parent=2836"}],"curies":[{"name":"wp","href":"https:\/\/api.w.org\/{rel}","templated":true}]}}