{"id":540,"date":"2023-05-23T15:00:35","date_gmt":"2023-05-23T14:00:35","guid":{"rendered":"https:\/\/empark.cmspro.telpark.com\/?page_id=540"},"modified":"2025-02-26T15:23:53","modified_gmt":"2025-02-26T14:23:53","slug":"gobierno-corporativo","status":"publish","type":"page","link":"https:\/\/www.empark.com\/es\/sostenibilidad\/gobierno-corporativo\/","title":{"rendered":"Gobierno corporativo"},"content":{"rendered":"\n<section class=\"tpk-hero tpk-hero--products                lower\"\n         style=\"\">\n                        <picture >\n\n                    <source srcset=\"https:\/\/www.empark.com\/wp-content\/uploads\/sites\/2\/2023\/06\/Banner-Hero-politicas-corporativas-480x640.jpg\" media=\"((min-width: 0rem) and (max-width: 30rem))\">\n                             <source srcset=\"https:\/\/www.empark.com\/wp-content\/uploads\/sites\/2\/2023\/06\/Banner-Hero-politicas-corporativas-1024x500.jpg\" media=\"(min-width: 30rem) and (max-width: 64rem)\" >\n                            <source srcset=\"https:\/\/www.empark.com\/wp-content\/uploads\/sites\/2\/2023\/06\/Banner-Hero-politicas-corporativas-1920x640.jpg\" media=\"(min-width: 64rem)\" >\n        \n        \n                                                                                                        \n        <img decoding=\"async\" fetchpriority=\"high\" src=\"https:\/\/www.empark.com\/wp-content\/uploads\/sites\/2\/2023\/06\/Banner-Hero-politicas-corporativas-1920x640.jpg\" alt=\"\"  width=\"1920\" height=\"640\"  loading=\"eager\">\n    <\/picture>\n\n    \n            <div class=\"tpk-breadcrumb wrapper row\">\n    <nav aria-label=\"Breadcrumb\">\n        <ul>\n                            <li>\n                                            <a href=\"\/\">Inicio<\/a><span\n                            class=\"tpk-breadcrumb__separator\">><\/span>\n                                    <\/li>\n                            <li>\n                                            <span aria-current=\"page\">Sostenibilidad<\/span>\n                                    <\/li>\n                    <\/ul>\n    <\/nav>\n<\/div>        <div class=\"tpk-hero__content wrapper row\">\n                    <div class=\"col-xs-12 col-sm-12 pr-h pl-h\">\n                                <header class=\"tpk-head  wrapper\">\n    <p class=\"tpk-head__caption\">Nuestro compromiso<\/p>    <h2 class=\"tpk-head__title\">Gobierno corporativo<\/h2>    <p>Nuestro Sistema de buen gobierno y sostenibilidad se fundamenta en el compromiso con los principios \u00e9ticos, la transparencia y el liderazgo mediante la aplicaci\u00f3n de las mejores pr\u00e1cticas en cada una de nuestras actividades y la lucha contra la corrupci\u00f3n y el soborno.<\/p>\n<\/header>\n            \n                    <\/div>\n    <\/div>\n            <div class=\"tpk-hero__cards row wrapper\">\n                                                                                        <div class=\"col-xs-12 col-sm-12 col-md-4 mb-1 pl-h pr-h\">\n                                                                    <\/div>\n                    <\/div>\n    <\/section>\n<div class=\"tpk-spinner__wrapper\">\n    <div class=\"tpk-spinner\"><\/div>\n<\/div>\n\n<article class=\"tpk-page\">\n    <div class=\"row wrapper center-xs tpk-page__content\">\n        <div class=\"col-xs-12 col-sm-10 col-md-8 pt-4 pb-4\">\n            <p>Es fundamental garantizar la integridad entendida como un comportamiento responsable y transparente con nuestros accionistas, empleados, clientes y los distintos agentes involucrados en cada uno de nuestros \u00e1mbitos.<\/p>\n<h2><strong>Programa de Cumplimiento<\/strong><\/h2>\n<p>El Programa de Cumplimiento establece la integridad como uno de los valores clave. Lo traduce en pol\u00edticas y procedimientos activos que ayudan a guiar nuestra forma de hacer negocios y de relacionarnos con el mundo que nos rodea.<\/p>\n<ul>\n<li><a href=\"https:\/\/www.empark.com\/wp-content\/uploads\/sites\/2\/2023\/05\/Codigo-Etica-Conducta-Grupo_Empark.pdf\">C\u00f3digo \u00e9tico y de conducta<\/a><\/li>\n<li><a href=\"https:\/\/telpark.trusty.report\/\">Canal de denuncias<\/a><\/li>\n<\/ul>\n<h2>Cadena de suministro<\/h2>\n<p>Buena parte de nuestro esfuerzo de sostenibilidad se basa en integrar nuestros principios ambientales, sociales y de buen gobierno (ESG) en nuestra cadena de suministro.<\/p>\n<blockquote>\n<p><strong>El objetivo de nuestro modelo es fomentar la eficiencia, la calidad, la sostenibilidad, la transparencia, el respeto a los Derechos Humanos, la no discriminaci\u00f3n y la igualdad de oportunidades.<\/strong><\/p>\n<\/blockquote>\n<p><img decoding=\"async\" loading=\"lazy\" class=\"alignnone size-full wp-image-1711\" src=\"https:\/\/www.empark.com\/wp-content\/uploads\/sites\/2\/2023\/06\/Sostenibilidad-Medio-Ambiente.jpg\" alt=\"\" width=\"834\" height=\"461\" \/><\/p>\n<h2>Pol\u00edtica de compras<\/h2>\n<p>El departamento de compras del Grupo Empark considera todos los pilares de la estrategia de sostenibilidad, incorporando los principios medioambientales, sociales y de buen gobierno corporativo como parte fundamental de la misma.<\/p>\n<blockquote>\n<p><strong>Todos los procesos de selecci\u00f3n, negociaci\u00f3n y contrataci\u00f3n de proveedores siguen los procedimientos m\u00e1s exigentes y objetivos, que permitan la trazabilidad de principio a fin del proceso asegur\u00e1ndonos que nuestros colaboradores cumplen con los m\u00e1s altos est\u00e1ndares \u00e9ticos y socialmente responsables.<\/strong><\/p>\n<\/blockquote>\n<p>El proceso de compras de Grupo Empark se caracteriza por contar con proveedores de primer nivel tanto a nivel nacional como local para poder adaptarse a las necesidades del negocio.<\/p>\n<p><img decoding=\"async\" loading=\"lazy\" class=\"alignnone size-full wp-image-1754\" src=\"https:\/\/www.empark.com\/wp-content\/uploads\/sites\/2\/2023\/06\/digitalizacion-compras-empark.jpg\" alt=\"\" width=\"1000\" height=\"667\" \/> <br \/>El Departamento de Compras, dependiente del Chief Financial Officer, es responsable de la elaboraci\u00f3n de la Pol\u00edtica de Compras del Grupo Empark contando con car\u00e1cter Ib\u00e9rico recogiendo todos los principios comerciales y de sostenibilidad que regir\u00e1n la relaci\u00f3n proveedor \u2013 cliente. <br \/>Como parte de la relaci\u00f3n comercial, los proveedores que deseen contratar con Grupo Empark, han de aceptar los principios que rigen el C\u00f3digo \u00c9tico y de Conducta, as\u00ed como su Pol\u00edtica de Prevenci\u00f3n de Blanqueo de Capitales.<\/p>\n<p>El objetivo \u00faltimo de la pol\u00edtica de Compras del Grupo Empark es contar con proveedores de primer nivel que proporcionen la prestaci\u00f3n de servicios de manera eficiente, con los mayores est\u00e1ndares de calidad cumpliendo con los principios de integridad, sostenibilidad y transparencia.<br \/>Previo a entablar la relaci\u00f3n comercial, los proveedores han de homologarse como proveedor del Grupo Empark en funci\u00f3n de su criticidad y la actividad que desarrollan.<br \/>Una vez se ha iniciado la relaci\u00f3n comercial y la prestaci\u00f3n del servicio, se realizan de manera peri\u00f3dica Business Performance Reviews, para asegurar que los servicios prestados cumplen con las especificaciones acordadas. <br \/>Todo este proceso est\u00e1 apoyado en una plataforma tecnol\u00f3gica que permite que las \u00f3rdenes de compra pasen por diferentes niveles de aprobaci\u00f3n asegurando los diferentes puntos de control.<\/p>\n\n        <\/div>\n    <\/div>\n<\/article>","protected":false},"excerpt":{"rendered":"","protected":false},"author":15,"featured_media":1745,"parent":17,"menu_order":0,"comment_status":"closed","ping_status":"closed","template":"","meta":{"footnotes":""},"yoast_head":"<!-- This site is optimized with the Yoast SEO plugin v20.12 - https:\/\/yoast.com\/wordpress\/plugins\/seo\/ -->\n<title>Gobierno corporativo - Empark<\/title>\n<meta name=\"robots\" content=\"index, follow, max-snippet:-1, max-image-preview:large, max-video-preview:-1\" \/>\n<link rel=\"canonical\" href=\"https:\/\/www.empark.com\/es\/sostenibilidad\/gobierno-corporativo\/\" \/>\n<meta property=\"og:locale\" content=\"es_ES\" \/>\n<meta property=\"og:type\" content=\"article\" \/>\n<meta property=\"og:title\" content=\"Gobierno corporativo - Empark\" \/>\n<meta property=\"og:url\" content=\"https:\/\/www.empark.com\/es\/sostenibilidad\/gobierno-corporativo\/\" \/>\n<meta property=\"og:site_name\" content=\"Empark\" \/>\n<meta property=\"article:modified_time\" content=\"2025-02-26T14:23:53+00:00\" \/>\n<meta property=\"og:image\" content=\"https:\/\/www.empark.com\/wp-content\/uploads\/sites\/2\/2023\/06\/Banner-Hero-politicas-corporativas.jpg\" \/>\n\t<meta property=\"og:image:width\" content=\"1940\" \/>\n\t<meta property=\"og:image:height\" content=\"660\" \/>\n\t<meta property=\"og:image:type\" content=\"image\/jpeg\" \/>\n<meta name=\"twitter:card\" content=\"summary_large_image\" \/>\n<script type=\"application\/ld+json\" class=\"yoast-schema-graph\">{\"@context\":\"https:\/\/schema.org\",\"@graph\":[{\"@type\":\"WebPage\",\"@id\":\"https:\/\/www.empark.com\/es\/sostenibilidad\/gobierno-corporativo\/\",\"url\":\"https:\/\/www.empark.com\/es\/sostenibilidad\/gobierno-corporativo\/\",\"name\":\"Gobierno corporativo - Empark\",\"isPartOf\":{\"@id\":\"https:\/\/www.empark.com\/es\/#website\"},\"datePublished\":\"2023-05-23T14:00:35+00:00\",\"dateModified\":\"2025-02-26T14:23:53+00:00\",\"breadcrumb\":{\"@id\":\"https:\/\/www.empark.com\/es\/sostenibilidad\/gobierno-corporativo\/#breadcrumb\"},\"inLanguage\":\"es-ES\",\"potentialAction\":[{\"@type\":\"ReadAction\",\"target\":[\"https:\/\/www.empark.com\/es\/sostenibilidad\/gobierno-corporativo\/\"]}]},{\"@type\":\"BreadcrumbList\",\"@id\":\"https:\/\/www.empark.com\/es\/sostenibilidad\/gobierno-corporativo\/#breadcrumb\",\"itemListElement\":[{\"@type\":\"ListItem\",\"position\":1,\"name\":\"Home\",\"item\":\"https:\/\/www.empark.com\/es\/\"},{\"@type\":\"ListItem\",\"position\":2,\"name\":\"Sostenibilidad\",\"item\":\"https:\/\/www.empark.com\/es\/sostenibilidad\/\"},{\"@type\":\"ListItem\",\"position\":3,\"name\":\"Gobierno corporativo\"}]},{\"@type\":\"WebSite\",\"@id\":\"https:\/\/www.empark.com\/es\/#website\",\"url\":\"https:\/\/www.empark.com\/es\/\",\"name\":\"Empark\",\"description\":\"L\u00edderes en el sector de aparcamientos y movilidad, con m\u00e1s de 455.000 plazas de aparcamiento que facilitan el desplazamiento de 150 millones de personas\",\"publisher\":{\"@id\":\"https:\/\/www.empark.com\/es\/#organization\"},\"potentialAction\":[{\"@type\":\"SearchAction\",\"target\":{\"@type\":\"EntryPoint\",\"urlTemplate\":\"https:\/\/www.empark.com\/es\/?s={search_term_string}\"},\"query-input\":\"required name=search_term_string\"}],\"inLanguage\":\"es-ES\"},{\"@type\":\"Organization\",\"@id\":\"https:\/\/www.empark.com\/es\/#organization\",\"name\":\"Empark\",\"url\":\"https:\/\/www.empark.com\/es\/\",\"logo\":{\"@type\":\"ImageObject\",\"inLanguage\":\"es-ES\",\"@id\":\"https:\/\/www.empark.com\/es\/#\/schema\/logo\/image\/\",\"url\":\"https:\/\/www.empark.com\/wp-content\/uploads\/sites\/2\/2023\/09\/empark-logo.svg\",\"contentUrl\":\"https:\/\/www.empark.com\/wp-content\/uploads\/sites\/2\/2023\/09\/empark-logo.svg\",\"width\":100,\"height\":32,\"caption\":\"Empark\"},\"image\":{\"@id\":\"https:\/\/www.empark.com\/es\/#\/schema\/logo\/image\/\"}}]}<\/script>\n<!-- \/ Yoast SEO plugin. -->","yoast_head_json":{"title":"Gobierno corporativo - Empark","robots":{"index":"index","follow":"follow","max-snippet":"max-snippet:-1","max-image-preview":"max-image-preview:large","max-video-preview":"max-video-preview:-1"},"canonical":"https:\/\/www.empark.com\/es\/sostenibilidad\/gobierno-corporativo\/","og_locale":"es_ES","og_type":"article","og_title":"Gobierno corporativo - Empark","og_url":"https:\/\/www.empark.com\/es\/sostenibilidad\/gobierno-corporativo\/","og_site_name":"Empark","article_modified_time":"2025-02-26T14:23:53+00:00","og_image":[{"width":1940,"height":660,"url":"https:\/\/www.empark.com\/wp-content\/uploads\/sites\/2\/2023\/06\/Banner-Hero-politicas-corporativas.jpg","type":"image\/jpeg"}],"twitter_card":"summary_large_image","schema":{"@context":"https:\/\/schema.org","@graph":[{"@type":"WebPage","@id":"https:\/\/www.empark.com\/es\/sostenibilidad\/gobierno-corporativo\/","url":"https:\/\/www.empark.com\/es\/sostenibilidad\/gobierno-corporativo\/","name":"Gobierno corporativo - Empark","isPartOf":{"@id":"https:\/\/www.empark.com\/es\/#website"},"datePublished":"2023-05-23T14:00:35+00:00","dateModified":"2025-02-26T14:23:53+00:00","breadcrumb":{"@id":"https:\/\/www.empark.com\/es\/sostenibilidad\/gobierno-corporativo\/#breadcrumb"},"inLanguage":"es-ES","potentialAction":[{"@type":"ReadAction","target":["https:\/\/www.empark.com\/es\/sostenibilidad\/gobierno-corporativo\/"]}]},{"@type":"BreadcrumbList","@id":"https:\/\/www.empark.com\/es\/sostenibilidad\/gobierno-corporativo\/#breadcrumb","itemListElement":[{"@type":"ListItem","position":1,"name":"Home","item":"https:\/\/www.empark.com\/es\/"},{"@type":"ListItem","position":2,"name":"Sostenibilidad","item":"https:\/\/www.empark.com\/es\/sostenibilidad\/"},{"@type":"ListItem","position":3,"name":"Gobierno corporativo"}]},{"@type":"WebSite","@id":"https:\/\/www.empark.com\/es\/#website","url":"https:\/\/www.empark.com\/es\/","name":"Empark","description":"L\u00edderes en el sector de aparcamientos y movilidad, con m\u00e1s de 455.000 plazas de aparcamiento que facilitan el desplazamiento de 150 millones de personas","publisher":{"@id":"https:\/\/www.empark.com\/es\/#organization"},"potentialAction":[{"@type":"SearchAction","target":{"@type":"EntryPoint","urlTemplate":"https:\/\/www.empark.com\/es\/?s={search_term_string}"},"query-input":"required name=search_term_string"}],"inLanguage":"es-ES"},{"@type":"Organization","@id":"https:\/\/www.empark.com\/es\/#organization","name":"Empark","url":"https:\/\/www.empark.com\/es\/","logo":{"@type":"ImageObject","inLanguage":"es-ES","@id":"https:\/\/www.empark.com\/es\/#\/schema\/logo\/image\/","url":"https:\/\/www.empark.com\/wp-content\/uploads\/sites\/2\/2023\/09\/empark-logo.svg","contentUrl":"https:\/\/www.empark.com\/wp-content\/uploads\/sites\/2\/2023\/09\/empark-logo.svg","width":100,"height":32,"caption":"Empark"},"image":{"@id":"https:\/\/www.empark.com\/es\/#\/schema\/logo\/image\/"}}]}},"meta_box":[],"_links":{"self":[{"href":"https:\/\/www.empark.com\/es\/wp-json\/wp\/v2\/pages\/540"}],"collection":[{"href":"https:\/\/www.empark.com\/es\/wp-json\/wp\/v2\/pages"}],"about":[{"href":"https:\/\/www.empark.com\/es\/wp-json\/wp\/v2\/types\/page"}],"author":[{"embeddable":true,"href":"https:\/\/www.empark.com\/es\/wp-json\/wp\/v2\/users\/15"}],"replies":[{"embeddable":true,"href":"https:\/\/www.empark.com\/es\/wp-json\/wp\/v2\/comments?post=540"}],"version-history":[{"count":4,"href":"https:\/\/www.empark.com\/es\/wp-json\/wp\/v2\/pages\/540\/revisions"}],"predecessor-version":[{"id":4152,"href":"https:\/\/www.empark.com\/es\/wp-json\/wp\/v2\/pages\/540\/revisions\/4152"}],"up":[{"embeddable":true,"href":"https:\/\/www.empark.com\/es\/wp-json\/wp\/v2\/pages\/17"}],"wp:featuredmedia":[{"embeddable":true,"href":"https:\/\/www.empark.com\/es\/wp-json\/wp\/v2\/media\/1745"}],"wp:attachment":[{"href":"https:\/\/www.empark.com\/es\/wp-json\/wp\/v2\/media?parent=540"}],"curies":[{"name":"wp","href":"https:\/\/api.w.org\/{rel}","templated":true}]}}