{"id":537,"date":"2023-05-23T14:58:39","date_gmt":"2023-05-23T13:58:39","guid":{"rendered":"https:\/\/empark.cmspro.telpark.com\/?page_id=537"},"modified":"2023-11-16T11:40:56","modified_gmt":"2023-11-16T10:40:56","slug":"social","status":"publish","type":"page","link":"https:\/\/www.empark.com\/es\/sostenibilidad\/social\/","title":{"rendered":"Social"},"content":{"rendered":"\n<section class=\"tpk-hero                 lower\"\n         style=\"\">\n                        <picture >\n\n                    <source srcset=\"https:\/\/www.empark.com\/wp-content\/uploads\/sites\/2\/2023\/06\/Portada-Hero-Social-480x640.jpg\" media=\"((min-width: 0rem) and (max-width: 30rem))\">\n                             <source srcset=\"https:\/\/www.empark.com\/wp-content\/uploads\/sites\/2\/2023\/06\/Portada-Hero-Social-1024x500.jpg\" media=\"(min-width: 30rem) and (max-width: 64rem)\" >\n                            <source srcset=\"https:\/\/www.empark.com\/wp-content\/uploads\/sites\/2\/2023\/06\/Portada-Hero-Social-1920x640.jpg\" media=\"(min-width: 64rem)\" >\n        \n        \n                                                                                                        \n        <img decoding=\"async\" fetchpriority=\"high\" src=\"https:\/\/www.empark.com\/wp-content\/uploads\/sites\/2\/2023\/06\/Portada-Hero-Social-1920x640.jpg\" alt=\"\"  width=\"1920\" height=\"640\"  loading=\"eager\">\n    <\/picture>\n\n    \n            <div class=\"tpk-breadcrumb wrapper row\">\n    <nav aria-label=\"Breadcrumb\">\n        <ul>\n                            <li>\n                                            <a href=\"\/\">Inicio<\/a><span\n                            class=\"tpk-breadcrumb__separator\">><\/span>\n                                    <\/li>\n                            <li>\n                                            <span aria-current=\"page\">Sostenibilidad<\/span>\n                                    <\/li>\n                    <\/ul>\n    <\/nav>\n<\/div>        <div class=\"tpk-hero__content wrapper row\">\n                    <div class=\"col-xs-12 col-sm-12 pr-h pl-h\">\n                                <header class=\"tpk-head  wrapper\">\n    <p class=\"tpk-head__caption\">Nuestro compromiso<\/p>    <h2 class=\"tpk-head__title\">Social<\/h2>    <p>Nuestra prioridad son las personas. Estamos comprometidos con la promoci\u00f3n de un entorno de trabajo seguro para nuestros empleados, clientes, usuarios y personal externo. <\/p>\n<\/header>\n            \n                    <\/div>\n    <\/div>\n    <\/section>\n<div class=\"tpk-spinner__wrapper\">\n    <div class=\"tpk-spinner\"><\/div>\n<\/div>\n\n<article class=\"tpk-page\">\n    <div class=\"row wrapper center-xs tpk-page__content\">\n        <div class=\"col-xs-12 col-sm-10 col-md-8 pt-4 pb-4\">\n            <p>&nbsp;<\/p>\n<p>Fomentamos el uso de pol\u00edticas destinadas a la reducci\u00f3n del n\u00famero de accidentes, la mejora de las condiciones de trabajo de todos nuestros empleados en consonancia con los m\u00e1s altos est\u00e1ndares en materia de prevenci\u00f3n de riesgos laborales. Adem\u00e1s, dentro de este pilar trabajamos en ser agentes activos ante problemas sociales desde nuestro programa \u201cEnmovimiento\u201d.<\/p>\n<h2>Seguridad y salud<\/h2>\n<blockquote>\n<p><strong>Nuestro objetivo es alcanzar un nivel de cultura corporativa donde todos velemos por la seguridad y salud de los dem\u00e1s.<\/strong><\/p>\n<\/blockquote>\n<p>Queremos que la seguridad se encuentre integrada en todos los niveles de la Organizaci\u00f3n, trabajando para el objetivo final de 365 d\u00edas sin accidentes. Adem\u00e1s, la Direcci\u00f3n de la compa\u00f1\u00eda cuenta con el compromiso de proporcionar todos los recursos necesarios para cumplir con la legislaci\u00f3n aplicable, identificar, evaluar y minimizar los riesgos, prevenir los accidentes y mejorar continuamente el sistema de gesti\u00f3n.\u00a0 Nuestros planes de reducci\u00f3n de accidentes, la monitorizaci\u00f3n para medir la evoluci\u00f3n de los indicadores de seguridad, el plan de seguridad vial o la certificaci\u00f3n de la ISO 45001 forman parte de este paquete de medidas.<\/p>\n<p>&nbsp;<\/p>\n<h2>Derechos humanos y laborales<\/h2>\n<p>Contamos con una Estrategia Global de Diversidad e Inclusi\u00f3n y con una Plan de Igualdad que renovamos peri\u00f3dicamente.<\/p>\n<ul>\n<li><a href=\"https:\/\/www.empark.com\/wp-content\/uploads\/sites\/2\/2023\/05\/Codigo-Etica-Conducta-Grupo_Empark.pdf\">C\u00f3digo \u00e9tico y de conducta<\/a><\/li>\n<li><a href=\"https:\/\/www.bkms-system.com\/bkwebanon\/report\/clientInfo?cin=GY1irK&amp;c=-1&amp;language=spa\">Canal de denuncias<\/a><\/li>\n<li><a href=\"https:\/\/www.empark.com\/wp-content\/uploads\/sites\/2\/2023\/09\/PLAN-DE-IGUALDAD-_V3.1-3.pdf\">Plan de igualdad<\/a><\/li>\n<li><a href=\"https:\/\/www.empark.com\/wp-content\/uploads\/sites\/2\/2023\/09\/De-hoy-a-nuestro-legado.pdf\" target=\"blank\">De hoy a nuestro legado<\/a><\/li>\n<\/ul>\n<h2>Compromiso con la sociedad<\/h2>\n<blockquote>\n<p><strong>Nuestro programa <em>Enmovimiento<\/em> embebe nuestro ADN de compa\u00f1\u00eda \u201cla movilidad sostenible\u201d pero en el contexto de movimiento de acciones y colaboraciones que ayudan a la sociedad en diferentes \u00e1mbitos.<\/strong><\/p>\n<\/blockquote>\n<p><strong>Campa\u00f1as de sensibilizaci\u00f3n ODS<\/strong><br \/>Impactando a nuestros colaboradores internos para que entiendan mejor el alcance de cada uno de los 17 ODS. Adem\u00e1s, de animarlos en su d\u00eda a d\u00eda a fomentarlos, a trav\u00e9s de peque\u00f1os retos o iniciativas que les conviertan en agentes del cambio.<\/p>\n<p><img decoding=\"async\" loading=\"lazy\" class=\"alignnone size-full wp-image-1695\" src=\"https:\/\/www.empark.com\/wp-content\/uploads\/sites\/2\/2023\/06\/ODS-1.jpg-1.jpg\" alt=\"\" width=\"1440\" height=\"900\" \/><\/p>\n<p><strong>De hoy a nuestro Legado<\/strong><br \/>Acciones y actividades en las que todo suma. Dentro de este \u00e1mbito pilotamos grandes campa\u00f1as vinculadas con la diversidad y la inclusi\u00f3n, la<em> Green Friday Week<\/em>, o planes espec\u00edficos que surgen de necesidades puntuales antes cat\u00e1strofes o situaciones inesperadas como la guerra de Ucrania o los terremotos de Siria y Turqu\u00eda.<\/p>\n<p><a href=\"http:\/\/www.empark.com\/wp-content\/uploads\/sites\/2\/2023\/09\/De-hoy-a-nuestro-legado.pdf\" target=\"blank\">De hoy a nuestro legado<\/a><\/p>\n<p><img decoding=\"async\" loading=\"lazy\" class=\"alignnone size-full wp-image-1695\" src=\"https:\/\/www.empark.com\/wp-content\/uploads\/sites\/2\/2023\/09\/Green-Friday.jpg\" alt=\"\" width=\"1440\" height=\"900\" \/><\/p>\n<p><strong>Plazas Solidarias Son \u00c1ngeles<\/strong><br \/>Apadrinamos un proyecto social de la mano de la Asociaci\u00f3n \u201cSon \u00c1ngeles\u201d para la creaci\u00f3n de un Centro de D\u00eda de atenci\u00f3n a personas con discapacidad y altas necesidades de apoyo.<br \/>Dentro de nuestra oferta de productos contamos con el abono solidario mensual que puede solicitarse en gran parte de nuestros parkings telpark, en los que el 50% de la recaudaci\u00f3n se dona \u00edntegramente a la Asociaci\u00f3n.<\/p>\n<p><img decoding=\"async\" loading=\"lazy\" class=\"alignnone size-full wp-image-1695\" src=\"https:\/\/www.empark.com\/wp-content\/uploads\/sites\/2\/2023\/09\/plaza-solidaria.jpg\" alt=\"\" width=\"1440\" height=\"900\" \/><\/p>\n<p>&nbsp;<\/p>\n\n        <\/div>\n    <\/div>\n<\/article>","protected":false},"excerpt":{"rendered":"","protected":false},"author":15,"featured_media":455,"parent":17,"menu_order":0,"comment_status":"closed","ping_status":"closed","template":"","meta":{"footnotes":""},"yoast_head":"<!-- This site is optimized with the Yoast SEO plugin v20.12 - https:\/\/yoast.com\/wordpress\/plugins\/seo\/ -->\n<title>Social - Empark<\/title>\n<meta name=\"robots\" content=\"index, follow, max-snippet:-1, max-image-preview:large, max-video-preview:-1\" \/>\n<link rel=\"canonical\" href=\"https:\/\/www.empark.com\/es\/sostenibilidad\/social\/\" \/>\n<meta property=\"og:locale\" content=\"es_ES\" \/>\n<meta property=\"og:type\" content=\"article\" \/>\n<meta property=\"og:title\" content=\"Social - Empark\" \/>\n<meta property=\"og:url\" content=\"https:\/\/www.empark.com\/es\/sostenibilidad\/social\/\" \/>\n<meta property=\"og:site_name\" content=\"Empark\" \/>\n<meta property=\"article:modified_time\" content=\"2023-11-16T10:40:56+00:00\" \/>\n<meta property=\"og:image\" content=\"https:\/\/www.empark.com\/wp-content\/uploads\/sites\/2\/2023\/05\/Social-Sostenibilidad-Empark.jpg\" \/>\n\t<meta property=\"og:image:width\" content=\"690\" \/>\n\t<meta property=\"og:image:height\" content=\"510\" \/>\n\t<meta property=\"og:image:type\" content=\"image\/jpeg\" \/>\n<meta name=\"twitter:card\" content=\"summary_large_image\" \/>\n<script type=\"application\/ld+json\" class=\"yoast-schema-graph\">{\"@context\":\"https:\/\/schema.org\",\"@graph\":[{\"@type\":\"WebPage\",\"@id\":\"https:\/\/www.empark.com\/es\/sostenibilidad\/social\/\",\"url\":\"https:\/\/www.empark.com\/es\/sostenibilidad\/social\/\",\"name\":\"Social - Empark\",\"isPartOf\":{\"@id\":\"https:\/\/www.empark.com\/es\/#website\"},\"datePublished\":\"2023-05-23T13:58:39+00:00\",\"dateModified\":\"2023-11-16T10:40:56+00:00\",\"breadcrumb\":{\"@id\":\"https:\/\/www.empark.com\/es\/sostenibilidad\/social\/#breadcrumb\"},\"inLanguage\":\"es-ES\",\"potentialAction\":[{\"@type\":\"ReadAction\",\"target\":[\"https:\/\/www.empark.com\/es\/sostenibilidad\/social\/\"]}]},{\"@type\":\"BreadcrumbList\",\"@id\":\"https:\/\/www.empark.com\/es\/sostenibilidad\/social\/#breadcrumb\",\"itemListElement\":[{\"@type\":\"ListItem\",\"position\":1,\"name\":\"Home\",\"item\":\"https:\/\/www.empark.com\/es\/\"},{\"@type\":\"ListItem\",\"position\":2,\"name\":\"Sostenibilidad\",\"item\":\"https:\/\/www.empark.com\/es\/sostenibilidad\/\"},{\"@type\":\"ListItem\",\"position\":3,\"name\":\"Social\"}]},{\"@type\":\"WebSite\",\"@id\":\"https:\/\/www.empark.com\/es\/#website\",\"url\":\"https:\/\/www.empark.com\/es\/\",\"name\":\"Empark\",\"description\":\"L\u00edderes en el sector de aparcamientos y movilidad, con m\u00e1s de 455.000 plazas de aparcamiento que facilitan el desplazamiento de 150 millones de personas\",\"publisher\":{\"@id\":\"https:\/\/www.empark.com\/es\/#organization\"},\"potentialAction\":[{\"@type\":\"SearchAction\",\"target\":{\"@type\":\"EntryPoint\",\"urlTemplate\":\"https:\/\/www.empark.com\/es\/?s={search_term_string}\"},\"query-input\":\"required name=search_term_string\"}],\"inLanguage\":\"es-ES\"},{\"@type\":\"Organization\",\"@id\":\"https:\/\/www.empark.com\/es\/#organization\",\"name\":\"Empark\",\"url\":\"https:\/\/www.empark.com\/es\/\",\"logo\":{\"@type\":\"ImageObject\",\"inLanguage\":\"es-ES\",\"@id\":\"https:\/\/www.empark.com\/es\/#\/schema\/logo\/image\/\",\"url\":\"https:\/\/www.empark.com\/wp-content\/uploads\/sites\/2\/2023\/09\/empark-logo.svg\",\"contentUrl\":\"https:\/\/www.empark.com\/wp-content\/uploads\/sites\/2\/2023\/09\/empark-logo.svg\",\"width\":100,\"height\":32,\"caption\":\"Empark\"},\"image\":{\"@id\":\"https:\/\/www.empark.com\/es\/#\/schema\/logo\/image\/\"}}]}<\/script>\n<!-- \/ Yoast SEO plugin. -->","yoast_head_json":{"title":"Social - Empark","robots":{"index":"index","follow":"follow","max-snippet":"max-snippet:-1","max-image-preview":"max-image-preview:large","max-video-preview":"max-video-preview:-1"},"canonical":"https:\/\/www.empark.com\/es\/sostenibilidad\/social\/","og_locale":"es_ES","og_type":"article","og_title":"Social - Empark","og_url":"https:\/\/www.empark.com\/es\/sostenibilidad\/social\/","og_site_name":"Empark","article_modified_time":"2023-11-16T10:40:56+00:00","og_image":[{"width":690,"height":510,"url":"https:\/\/www.empark.com\/wp-content\/uploads\/sites\/2\/2023\/05\/Social-Sostenibilidad-Empark.jpg","type":"image\/jpeg"}],"twitter_card":"summary_large_image","schema":{"@context":"https:\/\/schema.org","@graph":[{"@type":"WebPage","@id":"https:\/\/www.empark.com\/es\/sostenibilidad\/social\/","url":"https:\/\/www.empark.com\/es\/sostenibilidad\/social\/","name":"Social - Empark","isPartOf":{"@id":"https:\/\/www.empark.com\/es\/#website"},"datePublished":"2023-05-23T13:58:39+00:00","dateModified":"2023-11-16T10:40:56+00:00","breadcrumb":{"@id":"https:\/\/www.empark.com\/es\/sostenibilidad\/social\/#breadcrumb"},"inLanguage":"es-ES","potentialAction":[{"@type":"ReadAction","target":["https:\/\/www.empark.com\/es\/sostenibilidad\/social\/"]}]},{"@type":"BreadcrumbList","@id":"https:\/\/www.empark.com\/es\/sostenibilidad\/social\/#breadcrumb","itemListElement":[{"@type":"ListItem","position":1,"name":"Home","item":"https:\/\/www.empark.com\/es\/"},{"@type":"ListItem","position":2,"name":"Sostenibilidad","item":"https:\/\/www.empark.com\/es\/sostenibilidad\/"},{"@type":"ListItem","position":3,"name":"Social"}]},{"@type":"WebSite","@id":"https:\/\/www.empark.com\/es\/#website","url":"https:\/\/www.empark.com\/es\/","name":"Empark","description":"L\u00edderes en el sector de aparcamientos y movilidad, con m\u00e1s de 455.000 plazas de aparcamiento que facilitan el desplazamiento de 150 millones de personas","publisher":{"@id":"https:\/\/www.empark.com\/es\/#organization"},"potentialAction":[{"@type":"SearchAction","target":{"@type":"EntryPoint","urlTemplate":"https:\/\/www.empark.com\/es\/?s={search_term_string}"},"query-input":"required name=search_term_string"}],"inLanguage":"es-ES"},{"@type":"Organization","@id":"https:\/\/www.empark.com\/es\/#organization","name":"Empark","url":"https:\/\/www.empark.com\/es\/","logo":{"@type":"ImageObject","inLanguage":"es-ES","@id":"https:\/\/www.empark.com\/es\/#\/schema\/logo\/image\/","url":"https:\/\/www.empark.com\/wp-content\/uploads\/sites\/2\/2023\/09\/empark-logo.svg","contentUrl":"https:\/\/www.empark.com\/wp-content\/uploads\/sites\/2\/2023\/09\/empark-logo.svg","width":100,"height":32,"caption":"Empark"},"image":{"@id":"https:\/\/www.empark.com\/es\/#\/schema\/logo\/image\/"}}]}},"meta_box":[],"_links":{"self":[{"href":"https:\/\/www.empark.com\/es\/wp-json\/wp\/v2\/pages\/537"}],"collection":[{"href":"https:\/\/www.empark.com\/es\/wp-json\/wp\/v2\/pages"}],"about":[{"href":"https:\/\/www.empark.com\/es\/wp-json\/wp\/v2\/types\/page"}],"author":[{"embeddable":true,"href":"https:\/\/www.empark.com\/es\/wp-json\/wp\/v2\/users\/15"}],"replies":[{"embeddable":true,"href":"https:\/\/www.empark.com\/es\/wp-json\/wp\/v2\/comments?post=537"}],"version-history":[{"count":2,"href":"https:\/\/www.empark.com\/es\/wp-json\/wp\/v2\/pages\/537\/revisions"}],"predecessor-version":[{"id":3208,"href":"https:\/\/www.empark.com\/es\/wp-json\/wp\/v2\/pages\/537\/revisions\/3208"}],"up":[{"embeddable":true,"href":"https:\/\/www.empark.com\/es\/wp-json\/wp\/v2\/pages\/17"}],"wp:featuredmedia":[{"embeddable":true,"href":"https:\/\/www.empark.com\/es\/wp-json\/wp\/v2\/media\/455"}],"wp:attachment":[{"href":"https:\/\/www.empark.com\/es\/wp-json\/wp\/v2\/media?parent=537"}],"curies":[{"name":"wp","href":"https:\/\/api.w.org\/{rel}","templated":true}]}}