{"id":495,"date":"2023-05-23T14:25:34","date_gmt":"2023-05-23T13:25:34","guid":{"rendered":"https:\/\/empark.cmspro.telpark.com\/?page_id=495"},"modified":"2026-05-06T10:56:02","modified_gmt":"2026-05-06T09:56:02","slug":"medioambiente","status":"publish","type":"page","link":"https:\/\/www.empark.com\/es\/sostenibilidad\/medioambiente\/","title":{"rendered":"Medioambiente"},"content":{"rendered":"\n<section class=\"tpk-hero                 lower\"\n         style=\"\">\n                        <picture >\n\n                    <source srcset=\"https:\/\/www.empark.com\/wp-content\/uploads\/sites\/2\/2023\/06\/Banner-Hero-Medio-Ambiente-Empark-480x640.jpg\" media=\"((min-width: 0rem) and (max-width: 30rem))\">\n                             <source srcset=\"https:\/\/www.empark.com\/wp-content\/uploads\/sites\/2\/2023\/06\/Banner-Hero-Medio-Ambiente-Empark-1024x500.jpg\" media=\"(min-width: 30rem) and (max-width: 64rem)\" >\n                            <source srcset=\"https:\/\/www.empark.com\/wp-content\/uploads\/sites\/2\/2023\/06\/Banner-Hero-Medio-Ambiente-Empark-1920x640.jpg\" media=\"(min-width: 64rem)\" >\n        \n        \n                                                                                                        \n        <img decoding=\"async\" fetchpriority=\"high\" src=\"https:\/\/www.empark.com\/wp-content\/uploads\/sites\/2\/2023\/06\/Banner-Hero-Medio-Ambiente-Empark-1920x640.jpg\" alt=\"\"  width=\"1920\" height=\"640\"  loading=\"eager\">\n    <\/picture>\n\n    \n            <div class=\"tpk-breadcrumb wrapper row\">\n    <nav aria-label=\"Breadcrumb\">\n        <ul>\n                            <li>\n                                            <a href=\"\/\">Inicio<\/a><span\n                            class=\"tpk-breadcrumb__separator\">><\/span>\n                                    <\/li>\n                            <li>\n                                            <span aria-current=\"page\">Sostenibilidad<\/span>\n                                    <\/li>\n                    <\/ul>\n    <\/nav>\n<\/div>        <div class=\"tpk-hero__content wrapper row\">\n                    <div class=\"col-xs-12 col-sm-12 pr-h pl-h\">\n                                <header class=\"tpk-head  wrapper\">\n    <p class=\"tpk-head__caption\">Nuestro compromiso<\/p>    <h2 class=\"tpk-head__title\">Medioambiente<\/h2>    <p>Nos comprometemos con la disminuci\u00f3n del impacto ambiental en todas nuestras actividades, manteniendo un enfoque preventivo que favorezca el medioambiente y reduzca la huella de carbono global de la compa\u00f1\u00eda, con un fuerte objetivo y compromiso materializado en Plan de Cero emisiones netas a 2040.<\/p>\n<\/header>\n            \n                    <\/div>\n    <\/div>\n    <\/section>\n<div class=\"tpk-spinner__wrapper\">\n    <div class=\"tpk-spinner\"><\/div>\n<\/div>\n\n<article class=\"tpk-page\">\n    <div class=\"row wrapper center-xs tpk-page__content\">\n        <div class=\"col-xs-12 col-sm-10 col-md-8 pt-4 pb-4\">\n            <h2>Huella de carbono<\/h2>\n<p>Desde el 2020 contamos con un programa de emisiones de gases efecto invernadero (GEI) compensadas. En el grupo empark, hemos conseguido ser neutros en Carbono en los alcances 1 y 2 y en ese \u00faltimo a\u00f1o hemos contabilizado y verificado el alcance 3 de las emisiones de carbono.\u00a0<\/p>\n<blockquote>\n<p><strong>Todas nuestras acciones avanzan hac\u00eda una econom\u00eda baja en carbono con nuestro firme prop\u00f3sito de ser carbono 0 en 2040.<\/strong><\/p>\n<\/blockquote>\n<h2>Veh\u00edculo el\u00e9ctrico<\/h2>\n<p>Empark se ha consolidado como proveedor l\u00edder de servicios de recarga de veh\u00edculos el\u00e9ctricos (VE) en el sector de los aparcamientos. Esto se considera un paso crucial hacia la creaci\u00f3n de ciudades m\u00e1s sostenibles y respetuosas con el medioambiente.<\/p>\n<p>La adquisici\u00f3n de Efimob se alinea perfectamente con este compromiso y nos ayuda a consolidar nuestra posici\u00f3n como l\u00edder en la transici\u00f3n hacia la movilidad sostenible, ampliando nuestros servicios con puntos de recarga, para dar soporte a estos veh\u00edculos el\u00e9ctricos con energ\u00eda 100% renovable.\u00a0<\/p>\n<blockquote>\n<p><strong>Contamos con m\u00e1s de 400 puntos repartidos entre nuestros aparcamientos de Espa\u00f1a y Portugal, y somos pioneros desde el 2018 en la instalaci\u00f3n de este tipo de infraestructura dentro de nuestros parkings. Por ello, hablamos ya no de aparcamientos sino de hubs de movilidad donde conviven diferentes soluciones m\u00e1s limpias y sostenibles.<\/strong><\/p>\n<p>&nbsp;<\/p>\n<\/blockquote>\n<p><img decoding=\"async\" loading=\"lazy\" class=\"alignnone size-full wp-image-520\" src=\"https:\/\/www.empark.com\/wp-content\/uploads\/sites\/2\/2023\/05\/carga-rapida-colon-vehiculo-electrico-scaled.jpg\" alt=\"\" width=\"2560\" height=\"1010\" \/><\/p>\n<p>&nbsp;<\/p>\n<h2>Gesti\u00f3n de residuos y reducci\u00f3n de papel<\/h2>\n<blockquote>\n<p><strong>El uso de nuestra APP telpark ha supuesto un ahorro de 32 toneladas de papel durante el a\u00f1o 2025. Esta cantidad se traduce en m\u00e1s de 42 millones de operaciones sin ticket en el estacionamiento regulado en la v\u00eda p\u00fablica y casi 5 millones de operaciones sin ticket en nuestros aparcamientos.<\/strong><\/p>\n<\/blockquote>\n<p>Este posicionamiento estrat\u00e9gico crece cada a\u00f1o y hay una fuerte labor para concienciar a todos nuestros clientes anal\u00f3gicos para migrar al \u00e1mbito digital, ayudando a hacer un mundo m\u00e1s sostenible.<\/p>\n\n        <\/div>\n    <\/div>\n<\/article>","protected":false},"excerpt":{"rendered":"","protected":false},"author":15,"featured_media":1706,"parent":17,"menu_order":0,"comment_status":"closed","ping_status":"closed","template":"","meta":{"footnotes":""},"yoast_head":"<!-- This site is optimized with the Yoast SEO plugin v20.12 - https:\/\/yoast.com\/wordpress\/plugins\/seo\/ -->\n<title>Medioambiente - Empark<\/title>\n<meta name=\"robots\" content=\"index, follow, max-snippet:-1, max-image-preview:large, max-video-preview:-1\" \/>\n<link rel=\"canonical\" href=\"https:\/\/www.empark.com\/es\/sostenibilidad\/medioambiente\/\" \/>\n<meta property=\"og:locale\" content=\"es_ES\" \/>\n<meta property=\"og:type\" content=\"article\" \/>\n<meta property=\"og:title\" content=\"Medioambiente - Empark\" \/>\n<meta property=\"og:url\" content=\"https:\/\/www.empark.com\/es\/sostenibilidad\/medioambiente\/\" \/>\n<meta property=\"og:site_name\" content=\"Empark\" \/>\n<meta property=\"article:modified_time\" content=\"2026-05-06T09:56:02+00:00\" \/>\n<meta property=\"og:image\" content=\"https:\/\/www.empark.com\/wp-content\/uploads\/sites\/2\/2023\/06\/Banner-Hero-Medio-Ambiente-Empark.jpg\" \/>\n\t<meta property=\"og:image:width\" content=\"1930\" \/>\n\t<meta property=\"og:image:height\" content=\"660\" \/>\n\t<meta property=\"og:image:type\" content=\"image\/jpeg\" \/>\n<meta name=\"twitter:card\" content=\"summary_large_image\" \/>\n<script type=\"application\/ld+json\" class=\"yoast-schema-graph\">{\"@context\":\"https:\/\/schema.org\",\"@graph\":[{\"@type\":\"WebPage\",\"@id\":\"https:\/\/www.empark.com\/es\/sostenibilidad\/medioambiente\/\",\"url\":\"https:\/\/www.empark.com\/es\/sostenibilidad\/medioambiente\/\",\"name\":\"Medioambiente - Empark\",\"isPartOf\":{\"@id\":\"https:\/\/www.empark.com\/es\/#website\"},\"datePublished\":\"2023-05-23T13:25:34+00:00\",\"dateModified\":\"2026-05-06T09:56:02+00:00\",\"breadcrumb\":{\"@id\":\"https:\/\/www.empark.com\/es\/sostenibilidad\/medioambiente\/#breadcrumb\"},\"inLanguage\":\"es-ES\",\"potentialAction\":[{\"@type\":\"ReadAction\",\"target\":[\"https:\/\/www.empark.com\/es\/sostenibilidad\/medioambiente\/\"]}]},{\"@type\":\"BreadcrumbList\",\"@id\":\"https:\/\/www.empark.com\/es\/sostenibilidad\/medioambiente\/#breadcrumb\",\"itemListElement\":[{\"@type\":\"ListItem\",\"position\":1,\"name\":\"Home\",\"item\":\"https:\/\/www.empark.com\/es\/\"},{\"@type\":\"ListItem\",\"position\":2,\"name\":\"Sostenibilidad\",\"item\":\"https:\/\/www.empark.com\/es\/sostenibilidad\/\"},{\"@type\":\"ListItem\",\"position\":3,\"name\":\"Medioambiente\"}]},{\"@type\":\"WebSite\",\"@id\":\"https:\/\/www.empark.com\/es\/#website\",\"url\":\"https:\/\/www.empark.com\/es\/\",\"name\":\"Empark\",\"description\":\"L\u00edderes en el sector de aparcamientos y movilidad, con m\u00e1s de 455.000 plazas de aparcamiento que facilitan el desplazamiento de 150 millones de personas\",\"publisher\":{\"@id\":\"https:\/\/www.empark.com\/es\/#organization\"},\"potentialAction\":[{\"@type\":\"SearchAction\",\"target\":{\"@type\":\"EntryPoint\",\"urlTemplate\":\"https:\/\/www.empark.com\/es\/?s={search_term_string}\"},\"query-input\":\"required name=search_term_string\"}],\"inLanguage\":\"es-ES\"},{\"@type\":\"Organization\",\"@id\":\"https:\/\/www.empark.com\/es\/#organization\",\"name\":\"Empark\",\"url\":\"https:\/\/www.empark.com\/es\/\",\"logo\":{\"@type\":\"ImageObject\",\"inLanguage\":\"es-ES\",\"@id\":\"https:\/\/www.empark.com\/es\/#\/schema\/logo\/image\/\",\"url\":\"https:\/\/www.empark.com\/wp-content\/uploads\/sites\/2\/2023\/09\/empark-logo.svg\",\"contentUrl\":\"https:\/\/www.empark.com\/wp-content\/uploads\/sites\/2\/2023\/09\/empark-logo.svg\",\"width\":100,\"height\":32,\"caption\":\"Empark\"},\"image\":{\"@id\":\"https:\/\/www.empark.com\/es\/#\/schema\/logo\/image\/\"}}]}<\/script>\n<!-- \/ Yoast SEO plugin. -->","yoast_head_json":{"title":"Medioambiente - Empark","robots":{"index":"index","follow":"follow","max-snippet":"max-snippet:-1","max-image-preview":"max-image-preview:large","max-video-preview":"max-video-preview:-1"},"canonical":"https:\/\/www.empark.com\/es\/sostenibilidad\/medioambiente\/","og_locale":"es_ES","og_type":"article","og_title":"Medioambiente - Empark","og_url":"https:\/\/www.empark.com\/es\/sostenibilidad\/medioambiente\/","og_site_name":"Empark","article_modified_time":"2026-05-06T09:56:02+00:00","og_image":[{"width":1930,"height":660,"url":"https:\/\/www.empark.com\/wp-content\/uploads\/sites\/2\/2023\/06\/Banner-Hero-Medio-Ambiente-Empark.jpg","type":"image\/jpeg"}],"twitter_card":"summary_large_image","schema":{"@context":"https:\/\/schema.org","@graph":[{"@type":"WebPage","@id":"https:\/\/www.empark.com\/es\/sostenibilidad\/medioambiente\/","url":"https:\/\/www.empark.com\/es\/sostenibilidad\/medioambiente\/","name":"Medioambiente - Empark","isPartOf":{"@id":"https:\/\/www.empark.com\/es\/#website"},"datePublished":"2023-05-23T13:25:34+00:00","dateModified":"2026-05-06T09:56:02+00:00","breadcrumb":{"@id":"https:\/\/www.empark.com\/es\/sostenibilidad\/medioambiente\/#breadcrumb"},"inLanguage":"es-ES","potentialAction":[{"@type":"ReadAction","target":["https:\/\/www.empark.com\/es\/sostenibilidad\/medioambiente\/"]}]},{"@type":"BreadcrumbList","@id":"https:\/\/www.empark.com\/es\/sostenibilidad\/medioambiente\/#breadcrumb","itemListElement":[{"@type":"ListItem","position":1,"name":"Home","item":"https:\/\/www.empark.com\/es\/"},{"@type":"ListItem","position":2,"name":"Sostenibilidad","item":"https:\/\/www.empark.com\/es\/sostenibilidad\/"},{"@type":"ListItem","position":3,"name":"Medioambiente"}]},{"@type":"WebSite","@id":"https:\/\/www.empark.com\/es\/#website","url":"https:\/\/www.empark.com\/es\/","name":"Empark","description":"L\u00edderes en el sector de aparcamientos y movilidad, con m\u00e1s de 455.000 plazas de aparcamiento que facilitan el desplazamiento de 150 millones de personas","publisher":{"@id":"https:\/\/www.empark.com\/es\/#organization"},"potentialAction":[{"@type":"SearchAction","target":{"@type":"EntryPoint","urlTemplate":"https:\/\/www.empark.com\/es\/?s={search_term_string}"},"query-input":"required name=search_term_string"}],"inLanguage":"es-ES"},{"@type":"Organization","@id":"https:\/\/www.empark.com\/es\/#organization","name":"Empark","url":"https:\/\/www.empark.com\/es\/","logo":{"@type":"ImageObject","inLanguage":"es-ES","@id":"https:\/\/www.empark.com\/es\/#\/schema\/logo\/image\/","url":"https:\/\/www.empark.com\/wp-content\/uploads\/sites\/2\/2023\/09\/empark-logo.svg","contentUrl":"https:\/\/www.empark.com\/wp-content\/uploads\/sites\/2\/2023\/09\/empark-logo.svg","width":100,"height":32,"caption":"Empark"},"image":{"@id":"https:\/\/www.empark.com\/es\/#\/schema\/logo\/image\/"}}]}},"meta_box":[],"_links":{"self":[{"href":"https:\/\/www.empark.com\/es\/wp-json\/wp\/v2\/pages\/495"}],"collection":[{"href":"https:\/\/www.empark.com\/es\/wp-json\/wp\/v2\/pages"}],"about":[{"href":"https:\/\/www.empark.com\/es\/wp-json\/wp\/v2\/types\/page"}],"author":[{"embeddable":true,"href":"https:\/\/www.empark.com\/es\/wp-json\/wp\/v2\/users\/15"}],"replies":[{"embeddable":true,"href":"https:\/\/www.empark.com\/es\/wp-json\/wp\/v2\/comments?post=495"}],"version-history":[{"count":2,"href":"https:\/\/www.empark.com\/es\/wp-json\/wp\/v2\/pages\/495\/revisions"}],"predecessor-version":[{"id":5070,"href":"https:\/\/www.empark.com\/es\/wp-json\/wp\/v2\/pages\/495\/revisions\/5070"}],"up":[{"embeddable":true,"href":"https:\/\/www.empark.com\/es\/wp-json\/wp\/v2\/pages\/17"}],"wp:featuredmedia":[{"embeddable":true,"href":"https:\/\/www.empark.com\/es\/wp-json\/wp\/v2\/media\/1706"}],"wp:attachment":[{"href":"https:\/\/www.empark.com\/es\/wp-json\/wp\/v2\/media?parent=495"}],"curies":[{"name":"wp","href":"https:\/\/api.w.org\/{rel}","templated":true}]}}