{"id":17,"date":"2023-02-16T14:59:32","date_gmt":"2023-02-16T14:59:32","guid":{"rendered":"https:\/\/empark.com\/?page_id=17"},"modified":"2026-04-21T08:37:23","modified_gmt":"2026-04-21T07:37:23","slug":"sostenibilidad","status":"publish","type":"page","link":"https:\/\/www.empark.com\/es\/sostenibilidad\/","title":{"rendered":"Sostenibilidad"},"content":{"rendered":"\n<section class=\"tpk-hero tpk-hero--products                lower\"\n         style=\"\">\n                        <picture >\n\n                    <source srcset=\"https:\/\/www.empark.com\/wp-content\/uploads\/sites\/2\/2023\/05\/Banner-Sostenibilidad-Empark-480x640.jpg\" media=\"((min-width: 0rem) and (max-width: 30rem))\">\n                             <source srcset=\"https:\/\/www.empark.com\/wp-content\/uploads\/sites\/2\/2023\/05\/Banner-Sostenibilidad-Empark-1024x500.jpg\" media=\"(min-width: 30rem) and (max-width: 64rem)\" >\n                            <source srcset=\"https:\/\/www.empark.com\/wp-content\/uploads\/sites\/2\/2023\/05\/Banner-Sostenibilidad-Empark-1920x640.jpg\" media=\"(min-width: 64rem)\" >\n        \n        \n                                                                                                        \n        <img decoding=\"async\" fetchpriority=\"high\" src=\"https:\/\/www.empark.com\/wp-content\/uploads\/sites\/2\/2023\/05\/Banner-Sostenibilidad-Empark-1920x640.jpg\" alt=\"\"  width=\"1920\" height=\"640\"  loading=\"eager\">\n    <\/picture>\n\n    \n            <div class=\"tpk-breadcrumb wrapper row\">\n    <nav aria-label=\"Breadcrumb\">\n        <ul>\n                            <li>\n                                            <span aria-current=\"page\">Inicio<\/span>\n                                    <\/li>\n                    <\/ul>\n    <\/nav>\n<\/div>        <div class=\"tpk-hero__content wrapper row\">\n                    <div class=\"col-xs-12 col-sm-12 pr-h pl-h\">\n                                <header class=\"tpk-head  wrapper\">\n    <p class=\"tpk-head__caption\">Sostenibilidad<\/p>    <h2 class=\"tpk-head__title\">Dejando un legado positivo en la sociedad<\/h2>    <p>Nuestro compromiso estrat\u00e9gico est\u00e1 fundamentado en la digitalizaci\u00f3n y transici\u00f3n energ\u00e9tica hacia una movilidad sostenible.\u00a0<\/p>\n<\/header>\n            \n                    <\/div>\n    <\/div>\n            <div class=\"tpk-hero__cards row wrapper\">\n                                                                                        <div class=\"col-xs-12 col-sm-12 col-md-4 mb-1 pl-h pr-h\">\n                                                                    <\/div>\n                    <\/div>\n    <\/section>\n<div class=\"tpk-spinner__wrapper\">\n    <div class=\"tpk-spinner\"><\/div>\n<\/div>\n\n<article class=\"tpk-page\">\n    <div class=\"row wrapper center-xs tpk-page__content\">\n        <div class=\"col-xs-12 col-sm-10 col-md-8 pt-4 pb-4\">\n            <p>Nuestra visi\u00f3n es mejorar el futuro desarrollando infraestructuras y ciudades sostenibles, gestionando la carga de veh\u00edculos con energ\u00eda 100 % renovable y manteniendo los m\u00e1s altos niveles de seguridad y excelencia operativa. Adem\u00e1s, de velar por la igualdad de oportunidades entre nuestros empleados, siempre desde la pr\u00e1ctica de la \u00e9tica y la transparencia.<\/p>\n<blockquote>\n<p>Todas nuestras acciones y compromisos fomentan el respeto y el cuidado del medioambiente, con el objetivo de favorecer un desarrollo social responsable y contribuir a crear cambios positivos a nivel ambiental, econ\u00f3mico y social; para la sociedad, nuestros clientes, inversores y empleados.<\/p>\n\n        <\/div>\n    <\/div>\n<\/article>\n\n\n<section class=\"tpk-banner-cta tpk-banner-cta--half center small corporate\"\n         style=\" background-color:#202245;                  \">\n    <div class=\"tpk-banner-cta--half__picture\">\n                                    <picture >\n\n                    <source srcset=\"https:\/\/www.empark.com\/wp-content\/uploads\/sites\/2\/2023\/05\/Arrow-naranja-Telpark-460x520.png\" media=\"((min-width: 0rem) and (max-width: 30rem))\">\n                             <source srcset=\"https:\/\/www.empark.com\/wp-content\/uploads\/sites\/2\/2023\/05\/Arrow-naranja-Telpark-520x520.png\" media=\"(min-width: 30rem) and (max-width: 64rem)\" >\n                            <source srcset=\"https:\/\/www.empark.com\/wp-content\/uploads\/sites\/2\/2023\/05\/Arrow-naranja-Telpark.png\" media=\"(min-width: 64rem)\" >\n        \n        \n                                                                                                        \n        <img decoding=\"async\" src=\"https:\/\/www.empark.com\/wp-content\/uploads\/sites\/2\/2023\/05\/Arrow-naranja-Telpark.png\" alt=\"\"  width=\"626\" height=\"625\"  loading=\"lazy\" >\n    <\/picture>\n\n            <\/div>\n\n    <div class=\"tpk-banner-cta__content row wrapper middle-xs\">\n        <div class=\"col-xs-12 col-md-6 tpk-banner-cta__content__text\">\n                        <header class=\"tpk-head  wrapper\">\n    <p class=\"tpk-head__caption\">Estado de informaci\u00f3n no financiera y GRESB<\/p>    <h5 class=\"tpk-head__title\">Consulta los informes de sostenibilidad<\/h5>    <\/header>            <div class=\"tpk-banner-cta__buttons\">\n                                                        <a  class=\"tpk-button tpk-button--primary tpk-button--sm \" href=\"https:\/\/www.empark.com\/wp-content\/uploads\/sites\/2\/2025\/05\/Empark-FY24-ESG-Report.pdf\"    >\n    <span>Empark FY24 ESG Report<\/span>\n    <\/a>                                                        <a  class=\"tpk-button tpk-button--primary tpk-button--sm \" href=\"https:\/\/www.empark.com\/wp-content\/uploads\/sites\/2\/2025\/06\/Informe-EINF_2024_Empark.pdf\"    target=\"_blank\" >\n    <span>EINF EMPARK 2024<\/span>\n    <\/a>                                                        <a  class=\"tpk-button tpk-button--primary tpk-button--sm \" href=\"https:\/\/www.empark.com\/wp-content\/uploads\/sites\/2\/2025\/06\/Informe_EINF_2024_Dornier.pdf\"    target=\"_blank\" >\n    <span>EINF DORNIER 2024<\/span>\n    <\/a>                                                        <a  class=\"tpk-button tpk-button--primary tpk-button--sm \" href=\"https:\/\/www.empark.com\/wp-content\/uploads\/sites\/2\/2025\/10\/GRESB-Final-Results-2025-to-publish.pdf\"    target=\"_blank\" >\n    <span>GRESB 2025<\/span>\n    <\/a>                            <\/div>\n        <\/div>\n    <\/div>\n<\/section>\n\n\n<section class=\"tpk-banner-cta tpk-banner-cta--half  reverse   \"\n         style=\"                 \">\n    <div class=\"tpk-banner-cta--half__picture\">\n                                    <picture >\n\n                    <source srcset=\"https:\/\/www.empark.com\/wp-content\/uploads\/sites\/2\/2026\/04\/TABVKQW5IFEJLP62KFQFOQJFAE-460x520.jpeg\" media=\"((min-width: 0rem) and (max-width: 30rem))\">\n                             <source srcset=\"https:\/\/www.empark.com\/wp-content\/uploads\/sites\/2\/2026\/04\/TABVKQW5IFEJLP62KFQFOQJFAE-520x520.jpeg\" media=\"(min-width: 30rem) and (max-width: 64rem)\" >\n                            <source srcset=\"https:\/\/www.empark.com\/wp-content\/uploads\/sites\/2\/2026\/04\/TABVKQW5IFEJLP62KFQFOQJFAE-960x814.jpeg\" media=\"(min-width: 64rem)\" >\n        \n        \n                                                                                                        \n        <img decoding=\"async\" src=\"https:\/\/www.empark.com\/wp-content\/uploads\/sites\/2\/2026\/04\/TABVKQW5IFEJLP62KFQFOQJFAE-960x814.jpeg\" alt=\"\"  width=\"960\" height=\"814\"  loading=\"lazy\" >\n    <\/picture>\n\n            <\/div>\n\n    <div class=\"tpk-banner-cta__content row wrapper middle-xs\">\n        <div class=\"col-xs-12 col-md-6 tpk-banner-cta__content__text\">\n                        <header class=\"tpk-head  wrapper\">\n    <p class=\"tpk-head__caption\">Radiograf\u00eda sobre la movilidad urbana en Espa\u00f1a<\/p>    <h2 class=\"tpk-head__title\">Telpark IMPACTA<\/h2>    <p>Un an\u00e1lisis sobre h\u00e1bitos, barreras al cambio y el papel del aparcamiento en la transformaci\u00f3n de la ciudad: c\u00f3mo se mueven hoy los ciudadanos, qu\u00e9 condiciona sus decisiones y qu\u00e9 papel juegan el aparcamiento y la recarga en una movilidad m\u00e1s eficiente.<\/p>\n<\/header>            <div class=\"tpk-banner-cta__buttons\">\n                                                        <a  class=\"tpk-button tpk-button--primary tpk-button--lg \" href=\"https:\/\/www.empark.com\/wp-content\/uploads\/sites\/2\/2026\/04\/Telpark-Impacta-3.pdf\"    target=\"_blank\" >\n    <span> Descarga el informe<\/span>\n    <\/a>                                                        <a  class=\"tpk-button tpk-button--primary tpk-button--lg \" href=\"https:\/\/www.empark.com\/wp-content\/uploads\/sites\/2\/2026\/04\/INFOGRAFIA-DATOS-EXTERNA_VF-1.pdf\"    target=\"_blank\" >\n    <span>Descarga la infograf\u00eda<\/span>\n    <\/a>                            <\/div>\n        <\/div>\n    <\/div>\n<\/section>\n\n<article class=\"tpk-page\">\n    <div class=\"row wrapper center-xs tpk-page__content\">\n        <div class=\"col-xs-12 col-sm-10 col-md-8 pt-4 pb-4\">\n            <h1>Nuestro compromiso<\/h1>\n\n        <\/div>\n    <\/div>\n<\/article>\n\n\n<section class=\"tpk-banner-cta tpk-banner-cta--half   \"\n         style=\"                 \">\n    <div class=\"tpk-banner-cta--half__picture\">\n                                    <picture >\n\n                    <source srcset=\"https:\/\/www.empark.com\/wp-content\/uploads\/sites\/2\/2023\/05\/medio-ambiente-sostenibilidad-460x520.jpg\" media=\"((min-width: 0rem) and (max-width: 30rem))\">\n                             <source srcset=\"https:\/\/www.empark.com\/wp-content\/uploads\/sites\/2\/2023\/05\/medio-ambiente-sostenibilidad-520x520.jpg\" media=\"(min-width: 30rem) and (max-width: 64rem)\" >\n                            <source srcset=\"https:\/\/www.empark.com\/wp-content\/uploads\/sites\/2\/2023\/05\/medio-ambiente-sostenibilidad.jpg\" media=\"(min-width: 64rem)\" >\n        \n        \n                                                                                                        \n        <img decoding=\"async\" src=\"https:\/\/www.empark.com\/wp-content\/uploads\/sites\/2\/2023\/05\/medio-ambiente-sostenibilidad.jpg\" alt=\"\"  width=\"720\" height=\"529\"  loading=\"lazy\" >\n    <\/picture>\n\n            <\/div>\n\n    <div class=\"tpk-banner-cta__content row wrapper middle-xs\">\n        <div class=\"col-xs-12 col-md-6 tpk-banner-cta__content__text\">\n                        <header class=\"tpk-head  wrapper\">\n        <h2 class=\"tpk-head__title\">Medioambiente<\/h2>    <p>Nos comprometemos con la disminuci\u00f3n del impacto ambiental en todas nuestras actividades, manteniendo un enfoque preventivo que favorezca el medioambiente y reduzca la huella de carbono global de la compa\u00f1\u00eda, con un fuerte objetivo y compromiso materializado en Plan de Cero emisiones netas a 2040.<\/p>\n<\/header>            <div class=\"tpk-banner-cta__buttons\">\n                                                        <a  class=\"tpk-button tpk-button--primary tpk-button--lg \" href=\"medioambiente\/\"    >\n    <span>Saber m\u00e1s<\/span>\n    <\/a>                            <\/div>\n        <\/div>\n    <\/div>\n<\/section>\n\n\n<section class=\"tpk-banner-cta tpk-banner-cta--half  reverse   \"\n         style=\"                 \">\n    <div class=\"tpk-banner-cta--half__picture\">\n                                    <picture >\n\n                    <source srcset=\"https:\/\/www.empark.com\/wp-content\/uploads\/sites\/2\/2023\/05\/Social-Sostenibilidad-Empark-460x510.jpg\" media=\"((min-width: 0rem) and (max-width: 30rem))\">\n                             <source srcset=\"https:\/\/www.empark.com\/wp-content\/uploads\/sites\/2\/2023\/05\/Social-Sostenibilidad-Empark-520x510.jpg\" media=\"(min-width: 30rem) and (max-width: 64rem)\" >\n                            <source srcset=\"https:\/\/www.empark.com\/wp-content\/uploads\/sites\/2\/2023\/05\/Social-Sostenibilidad-Empark.jpg\" media=\"(min-width: 64rem)\" >\n        \n        \n                                                                                                        \n        <img decoding=\"async\" src=\"https:\/\/www.empark.com\/wp-content\/uploads\/sites\/2\/2023\/05\/Social-Sostenibilidad-Empark.jpg\" alt=\"\"  width=\"690\" height=\"510\"  loading=\"lazy\" >\n    <\/picture>\n\n            <\/div>\n\n    <div class=\"tpk-banner-cta__content row wrapper middle-xs\">\n        <div class=\"col-xs-12 col-md-6 tpk-banner-cta__content__text\">\n                        <header class=\"tpk-head  wrapper\">\n        <h2 class=\"tpk-head__title\">Social<\/h2>    <p>Nuestra prioridad son las personas. Estamos comprometidos con la promoci\u00f3n de un entorno de trabajo seguro para nuestros empleados, clientes, usuarios y personal externo.<\/p>\n<\/header>            <div class=\"tpk-banner-cta__buttons\">\n                                                        <a  class=\"tpk-button tpk-button--primary tpk-button--md \" href=\"socia\/\"    >\n    <span>Saber m\u00e1s<\/span>\n    <\/a>                            <\/div>\n        <\/div>\n    <\/div>\n<\/section>\n\n\n<section class=\"tpk-banner-cta tpk-banner-cta--half   \"\n         style=\"                 \">\n    <div class=\"tpk-banner-cta--half__picture\">\n                                    <picture >\n\n                    <source srcset=\"https:\/\/www.empark.com\/wp-content\/uploads\/sites\/2\/2023\/06\/Banner-CTA-Half-Gobierno-Corporativo-460x520.jpg\" media=\"((min-width: 0rem) and (max-width: 30rem))\">\n                             <source srcset=\"https:\/\/www.empark.com\/wp-content\/uploads\/sites\/2\/2023\/06\/Banner-CTA-Half-Gobierno-Corporativo-520x520.jpg\" media=\"(min-width: 30rem) and (max-width: 64rem)\" >\n                            <source srcset=\"https:\/\/www.empark.com\/wp-content\/uploads\/sites\/2\/2023\/06\/Banner-CTA-Half-Gobierno-Corporativo-960x667.jpg\" media=\"(min-width: 64rem)\" >\n        \n        \n                                                                                                        \n        <img decoding=\"async\" src=\"https:\/\/www.empark.com\/wp-content\/uploads\/sites\/2\/2023\/06\/Banner-CTA-Half-Gobierno-Corporativo-960x667.jpg\" alt=\"\"  width=\"960\" height=\"667\"  loading=\"lazy\" >\n    <\/picture>\n\n            <\/div>\n\n    <div class=\"tpk-banner-cta__content row wrapper middle-xs\">\n        <div class=\"col-xs-12 col-md-6 tpk-banner-cta__content__text\">\n                        <header class=\"tpk-head  wrapper\">\n        <h2 class=\"tpk-head__title\">Gobierno corporativo<\/h2>    <p>Nuestro sistema de buen gobierno y sostenibilidad se fundamenta en el compromiso con los principios \u00e9ticos, la transparencia y el liderazgo en la aplicaci\u00f3n de las mejores pr\u00e1cticas en cada una de nuestras actividades y la lucha contra la corrupci\u00f3n y el soborno.<\/p>\n<\/header>            <div class=\"tpk-banner-cta__buttons\">\n                                                        <a  class=\"tpk-button tpk-button--primary tpk-button--lg \" href=\"gobierno-corporativo\/\"    >\n    <span>Saber m\u00e1s<\/span>\n    <\/a>                            <\/div>\n        <\/div>\n    <\/div>\n<\/section>\n\n\n\n<section\n        class=\"tpk-banner-cta tpk-banner-cta--background   corporate\"\n        style=\"background-color:#ff9903;\">\n    \n        \n    <div class=\"tpk-banner-cta__content row wrapper middle-xs \">\n        \n                    <div class=\"col-xs-12 col-md-6 tpk-banner-cta__content__text\">\n                \n                                            <header class=\"tpk-head  wrapper\">\n    <p class=\"tpk-head__caption\">Sobre Empark<\/p>    <h3 class=\"tpk-head__title\">Pol\u00edticas corporativas<\/h3>    <p>Consulta y descarga nuestros c\u00f3digos de conducta, informes no financieros y RSC que establecen los principios generales que deben cumplir los empleados y que son tambi\u00e9n de aplicaci\u00f3n en las relaciones que \u00e9stos mantienen con los diversos grupos de inter\u00e9s.<\/p>\n<\/header>                \n                                    <div class=\"tpk-banner-cta__buttons\">\n                                                                                <a  class=\"tpk-button tpk-button--secondary tpk-button--lg \" href=\"politicas\/\"    target=\"_blank\" >\n    <span>Ver m\u00e1s<\/span>\n    <\/a>                                            <\/div>\n                                        <\/div>\n        <\/div>\n    \n    <\/section>","protected":false},"excerpt":{"rendered":"","protected":false},"author":1,"featured_media":1759,"parent":0,"menu_order":0,"comment_status":"closed","ping_status":"closed","template":"","meta":{"footnotes":""},"yoast_head":"<!-- This site is optimized with the Yoast SEO plugin v20.12 - https:\/\/yoast.com\/wordpress\/plugins\/seo\/ -->\n<title>Sostenibilidad - Empark<\/title>\n<meta name=\"robots\" content=\"index, follow, max-snippet:-1, max-image-preview:large, max-video-preview:-1\" \/>\n<link rel=\"canonical\" href=\"https:\/\/www.empark.com\/es\/sostenibilidad\/\" \/>\n<meta property=\"og:locale\" content=\"es_ES\" \/>\n<meta property=\"og:type\" content=\"article\" \/>\n<meta property=\"og:title\" content=\"Sostenibilidad - Empark\" \/>\n<meta property=\"og:url\" content=\"https:\/\/www.empark.com\/es\/sostenibilidad\/\" \/>\n<meta property=\"og:site_name\" content=\"Empark\" \/>\n<meta property=\"article:modified_time\" content=\"2026-04-21T07:37:23+00:00\" \/>\n<meta property=\"og:image\" content=\"https:\/\/www.empark.com\/wp-content\/uploads\/sites\/2\/2023\/06\/Banner-CTA-Half-Gobierno-Corporativo.jpg\" \/>\n\t<meta property=\"og:image:width\" content=\"1000\" \/>\n\t<meta property=\"og:image:height\" content=\"667\" \/>\n\t<meta property=\"og:image:type\" content=\"image\/jpeg\" \/>\n<meta name=\"twitter:card\" content=\"summary_large_image\" \/>\n<script type=\"application\/ld+json\" class=\"yoast-schema-graph\">{\"@context\":\"https:\/\/schema.org\",\"@graph\":[{\"@type\":\"WebPage\",\"@id\":\"https:\/\/www.empark.com\/es\/sostenibilidad\/\",\"url\":\"https:\/\/www.empark.com\/es\/sostenibilidad\/\",\"name\":\"Sostenibilidad - Empark\",\"isPartOf\":{\"@id\":\"https:\/\/www.empark.com\/es\/#website\"},\"datePublished\":\"2023-02-16T14:59:32+00:00\",\"dateModified\":\"2026-04-21T07:37:23+00:00\",\"breadcrumb\":{\"@id\":\"https:\/\/www.empark.com\/es\/sostenibilidad\/#breadcrumb\"},\"inLanguage\":\"es-ES\",\"potentialAction\":[{\"@type\":\"ReadAction\",\"target\":[\"https:\/\/www.empark.com\/es\/sostenibilidad\/\"]}]},{\"@type\":\"BreadcrumbList\",\"@id\":\"https:\/\/www.empark.com\/es\/sostenibilidad\/#breadcrumb\",\"itemListElement\":[{\"@type\":\"ListItem\",\"position\":1,\"name\":\"Home\",\"item\":\"https:\/\/www.empark.com\/es\/\"},{\"@type\":\"ListItem\",\"position\":2,\"name\":\"Sostenibilidad\"}]},{\"@type\":\"WebSite\",\"@id\":\"https:\/\/www.empark.com\/es\/#website\",\"url\":\"https:\/\/www.empark.com\/es\/\",\"name\":\"Empark\",\"description\":\"L\u00edderes en el sector de aparcamientos y movilidad, con m\u00e1s de 455.000 plazas de aparcamiento que facilitan el desplazamiento de 150 millones de personas\",\"publisher\":{\"@id\":\"https:\/\/www.empark.com\/es\/#organization\"},\"potentialAction\":[{\"@type\":\"SearchAction\",\"target\":{\"@type\":\"EntryPoint\",\"urlTemplate\":\"https:\/\/www.empark.com\/es\/?s={search_term_string}\"},\"query-input\":\"required name=search_term_string\"}],\"inLanguage\":\"es-ES\"},{\"@type\":\"Organization\",\"@id\":\"https:\/\/www.empark.com\/es\/#organization\",\"name\":\"Empark\",\"url\":\"https:\/\/www.empark.com\/es\/\",\"logo\":{\"@type\":\"ImageObject\",\"inLanguage\":\"es-ES\",\"@id\":\"https:\/\/www.empark.com\/es\/#\/schema\/logo\/image\/\",\"url\":\"https:\/\/www.empark.com\/wp-content\/uploads\/sites\/2\/2023\/09\/empark-logo.svg\",\"contentUrl\":\"https:\/\/www.empark.com\/wp-content\/uploads\/sites\/2\/2023\/09\/empark-logo.svg\",\"width\":100,\"height\":32,\"caption\":\"Empark\"},\"image\":{\"@id\":\"https:\/\/www.empark.com\/es\/#\/schema\/logo\/image\/\"}}]}<\/script>\n<!-- \/ Yoast SEO plugin. -->","yoast_head_json":{"title":"Sostenibilidad - Empark","robots":{"index":"index","follow":"follow","max-snippet":"max-snippet:-1","max-image-preview":"max-image-preview:large","max-video-preview":"max-video-preview:-1"},"canonical":"https:\/\/www.empark.com\/es\/sostenibilidad\/","og_locale":"es_ES","og_type":"article","og_title":"Sostenibilidad - Empark","og_url":"https:\/\/www.empark.com\/es\/sostenibilidad\/","og_site_name":"Empark","article_modified_time":"2026-04-21T07:37:23+00:00","og_image":[{"width":1000,"height":667,"url":"https:\/\/www.empark.com\/wp-content\/uploads\/sites\/2\/2023\/06\/Banner-CTA-Half-Gobierno-Corporativo.jpg","type":"image\/jpeg"}],"twitter_card":"summary_large_image","schema":{"@context":"https:\/\/schema.org","@graph":[{"@type":"WebPage","@id":"https:\/\/www.empark.com\/es\/sostenibilidad\/","url":"https:\/\/www.empark.com\/es\/sostenibilidad\/","name":"Sostenibilidad - Empark","isPartOf":{"@id":"https:\/\/www.empark.com\/es\/#website"},"datePublished":"2023-02-16T14:59:32+00:00","dateModified":"2026-04-21T07:37:23+00:00","breadcrumb":{"@id":"https:\/\/www.empark.com\/es\/sostenibilidad\/#breadcrumb"},"inLanguage":"es-ES","potentialAction":[{"@type":"ReadAction","target":["https:\/\/www.empark.com\/es\/sostenibilidad\/"]}]},{"@type":"BreadcrumbList","@id":"https:\/\/www.empark.com\/es\/sostenibilidad\/#breadcrumb","itemListElement":[{"@type":"ListItem","position":1,"name":"Home","item":"https:\/\/www.empark.com\/es\/"},{"@type":"ListItem","position":2,"name":"Sostenibilidad"}]},{"@type":"WebSite","@id":"https:\/\/www.empark.com\/es\/#website","url":"https:\/\/www.empark.com\/es\/","name":"Empark","description":"L\u00edderes en el sector de aparcamientos y movilidad, con m\u00e1s de 455.000 plazas de aparcamiento que facilitan el desplazamiento de 150 millones de personas","publisher":{"@id":"https:\/\/www.empark.com\/es\/#organization"},"potentialAction":[{"@type":"SearchAction","target":{"@type":"EntryPoint","urlTemplate":"https:\/\/www.empark.com\/es\/?s={search_term_string}"},"query-input":"required name=search_term_string"}],"inLanguage":"es-ES"},{"@type":"Organization","@id":"https:\/\/www.empark.com\/es\/#organization","name":"Empark","url":"https:\/\/www.empark.com\/es\/","logo":{"@type":"ImageObject","inLanguage":"es-ES","@id":"https:\/\/www.empark.com\/es\/#\/schema\/logo\/image\/","url":"https:\/\/www.empark.com\/wp-content\/uploads\/sites\/2\/2023\/09\/empark-logo.svg","contentUrl":"https:\/\/www.empark.com\/wp-content\/uploads\/sites\/2\/2023\/09\/empark-logo.svg","width":100,"height":32,"caption":"Empark"},"image":{"@id":"https:\/\/www.empark.com\/es\/#\/schema\/logo\/image\/"}}]}},"meta_box":[],"_links":{"self":[{"href":"https:\/\/www.empark.com\/es\/wp-json\/wp\/v2\/pages\/17"}],"collection":[{"href":"https:\/\/www.empark.com\/es\/wp-json\/wp\/v2\/pages"}],"about":[{"href":"https:\/\/www.empark.com\/es\/wp-json\/wp\/v2\/types\/page"}],"author":[{"embeddable":true,"href":"https:\/\/www.empark.com\/es\/wp-json\/wp\/v2\/users\/1"}],"replies":[{"embeddable":true,"href":"https:\/\/www.empark.com\/es\/wp-json\/wp\/v2\/comments?post=17"}],"version-history":[{"count":3,"href":"https:\/\/www.empark.com\/es\/wp-json\/wp\/v2\/pages\/17\/revisions"}],"predecessor-version":[{"id":4993,"href":"https:\/\/www.empark.com\/es\/wp-json\/wp\/v2\/pages\/17\/revisions\/4993"}],"wp:featuredmedia":[{"embeddable":true,"href":"https:\/\/www.empark.com\/es\/wp-json\/wp\/v2\/media\/1759"}],"wp:attachment":[{"href":"https:\/\/www.empark.com\/es\/wp-json\/wp\/v2\/media?parent=17"}],"curies":[{"name":"wp","href":"https:\/\/api.w.org\/{rel}","templated":true}]}}