{"id":1570,"date":"2023-06-20T11:34:14","date_gmt":"2023-06-20T10:34:14","guid":{"rendered":"https:\/\/empark.cmspro.telpark.com\/?page_id=1570"},"modified":"2026-02-17T17:40:50","modified_gmt":"2026-02-17T16:40:50","slug":"empresas-del-grupo","status":"publish","type":"page","link":"https:\/\/www.empark.com\/es\/empresas-del-grupo\/","title":{"rendered":"Empresas del Grupo"},"content":{"rendered":"\n<section class=\"tpk-hero                 lower\"\n         style=\"\">\n                        <picture >\n\n                    <source srcset=\"https:\/\/www.empark.com\/wp-content\/uploads\/sites\/2\/2023\/06\/Hero-Banner-Empresas-Grupo-Empark-480x640.jpg\" media=\"((min-width: 0rem) and (max-width: 30rem))\">\n                             <source srcset=\"https:\/\/www.empark.com\/wp-content\/uploads\/sites\/2\/2023\/06\/Hero-Banner-Empresas-Grupo-Empark-1024x500.jpg\" media=\"(min-width: 30rem) and (max-width: 64rem)\" >\n                            <source srcset=\"https:\/\/www.empark.com\/wp-content\/uploads\/sites\/2\/2023\/06\/Hero-Banner-Empresas-Grupo-Empark-1920x640.jpg\" media=\"(min-width: 64rem)\" >\n        \n        \n                                                                                                        \n        <img decoding=\"async\" fetchpriority=\"high\" src=\"https:\/\/www.empark.com\/wp-content\/uploads\/sites\/2\/2023\/06\/Hero-Banner-Empresas-Grupo-Empark-1920x640.jpg\" alt=\"\"  width=\"1920\" height=\"640\"  loading=\"eager\">\n    <\/picture>\n\n    \n            <div class=\"tpk-breadcrumb wrapper row\">\n    <nav aria-label=\"Breadcrumb\">\n        <ul>\n                            <li>\n                                            <span aria-current=\"page\">Inicio<\/span>\n                                    <\/li>\n                    <\/ul>\n    <\/nav>\n<\/div>        <div class=\"tpk-hero__content wrapper row\">\n                    <div class=\"col-xs-12 col-sm-12 pr-h pl-h\">\n                                <header class=\"tpk-head  wrapper\">\n        <h1 class=\"tpk-head__title\">Listado de sociedades del Grupo Empark<\/h1>    <p>&nbsp;<\/p>\n<\/header>\n            \n                    <\/div>\n    <\/div>\n    <\/section>\n<div class=\"tpk-spinner__wrapper\">\n    <div class=\"tpk-spinner\"><\/div>\n<\/div>\n\n<article class=\"tpk-page\">\n    <div class=\"row wrapper center-xs tpk-page__content\">\n        <div class=\"col-xs-12 col-sm-10 col-md-8 pt-4 pb-4\">\n            <table class=\" cke_show_border\" border=\"0\" cellspacing=\"0\" cellpadding=\"0\" align=\"left\">\n<tbody>\n<tr>\n<td>\n<h2><strong>ESPA\u00d1A<\/strong><\/h2>\n<h4><strong>EMPARK APARCAMIENTOS Y SERVICIOS, S.A.<\/strong><\/h4>\n<h6>Avd. General Per\u00f3n 36 \u2013 1\u00aa pta. - 28020 Madrid - CIF A-78320736<\/h6>\n<p>&nbsp;<\/p>\n<ul>\n<li>CATEDRAL (Albacete)<\/li>\n<li>PABLO MEDINA (Albacete)<\/li>\n<li>PLAZA AM\u00c9RICA (Alicante)<\/li>\n<li>CALLE ITALIA (Alicante)<\/li>\n<li>HOSPITAL GENERAL DE ALICANTE (Alicante)<\/li>\n<li>EL ARENAL (Gij\u00f3n)<\/li>\n<li>CENTRO EJIDO (Ejido) (Almer\u00eda)<\/li>\n<li>CENTRO ALMER\u00cdA (Almer\u00eda)<\/li>\n<li>EL GRANDE (\u00c1vila)<\/li>\n<li>El CARMEN (Madrid)<\/li>\n<li>BARCELONETA PORT VELL (Barcelona)<\/li>\n<li>NINOT PROVEN\u00c7A (Barcelona)<\/li>\n<li>GALILEU LES CORTS (Barcelona)<\/li>\n<li>SANCHO DE \u00c1VILA (Barcelona)<\/li>\n<li>(IQS) INSTITUT QU\u00cdMIC DE SARRI\u00c0 (Barcelona)<\/li>\n<li>INDAUTXU (Bilbao)<\/li>\n<li>LA ALHONDIGA (Bilbao)<\/li>\n<li>PLAZA DE ESPA\u00d1A (Burgos)<\/li>\n<li>PLAZA MAYOR (Ciudad Real)<\/li>\n<li>PRINCESA ZAIDA (Cuenca)<\/li>\n<li>PLAZA DE LA CORONACI\u00d3N (Estella)<\/li>\n<li>PASSEIG NOU (Figueres)<\/li>\n<li>ARENAL (J\u00e1vea)<\/li>\n<li>JARDINES DEL NA\u00daTICO (Gij\u00f3n)<\/li>\n<li>PLA\u00c7A DE L'AJUNTAMENT (Hospitalet de Llobregat) (Barcelona)<\/li>\n<li>EDIFICIO HUELVA \/ PABLO RADA (Huelva)<\/li>\n<li>PASEO DE COL\u00d3N (Salamanca)<\/li>\n<li>PLAZA DE LOS JUZGADOS (Palencia)<\/li>\n<li>PLAZA SAN JUAN (Ir\u00fan)<\/li>\n<li>ALAMEDA VIEJA (Jerez de la Frontera) (C\u00e1diz)<\/li>\n<li>MAMEL\u00d3N (Jerez de la Frontera) (C\u00e1diz)<\/li>\n<li>D\u00c1RSENA DEPORTIVA DE LAS PALMAS (Las Palmas)<\/li>\n<li>JUZGADOS LOGRO\u00d1O (Logro\u00f1o)<\/li>\n<li>AVENIDA ESPA\u00d1A (Logro\u00f1o)<\/li>\n<li>CASINO DE LA REINA (Madrid)<\/li>\n<li>LAS CORTES (Madrid)<\/li>\n<li>PLAZA COL\u00d3N (Madrid)<\/li>\n<li>SERRANO, 41 (Madrid)<\/li>\n<li>PUENTE DE VENTAS (Madrid)<\/li>\n<li>PLAZA ESPA\u00d1A (Fuengirola) (M\u00e1laga)<\/li>\n<li>LAS TERRAZAS (Marbella) (M\u00e1laga)<\/li>\n<li>CENTRO MARBELLA (Marbella) (M\u00e1laga)<\/li>\n<li>JOS\u00c9 FERN\u00c1NDEZ L\u00d3PEZ (M\u00e9rida) (Badajoz)<\/li>\n<li>POLIT\u00c9CNICA DE M\u00c9RIDA (M\u00e9rida) (Badajoz)<\/li>\n<li>GLORIETA DE ESPA\u00d1A (Murcia)<\/li>\n<li>PLAZA DE LA VILA (Sant Cugat del Vall\u00e9s) (Barcelona)<\/li>\n<li>BLANCA DE NAVARRA (Pamplona)<\/li>\n<li>VORAMAR (Pe\u00f1\u00edscola) (Castell\u00f3n)<\/li>\n<li>MONTERO RIOS (Pontevedra)<\/li>\n<li>PLAZA DE ESPA\u00d1A (Pontevedra)<\/li>\n<li>ESPRONCEDA (Sabadell) (Barcelona)<\/li>\n<li>SANTA EULALIA (Salamanca)<\/li>\n<li>ATOTXA (San Sebasti\u00e1n)<\/li>\n<li>PLAZA EASO (San Sebasti\u00e1n)<\/li>\n<li>CAN QUITERIA (Sant Cugat del Vall\u00e9s) (Barcelona)<\/li>\n<li>LLU\u00cdS MILLET (Sant Cugat del Vall\u00e9s) (Barcelona)<\/li>\n<li>PLA\u00c7A DE LA VILA (Rambla del Celler) (Sant Cugat del Vall\u00e9s) (Barcelona)<\/li>\n<li>QUATRE CANTONS (Sant Cugat del Vall\u00e9s) (Barcelona)<\/li>\n<li>M\u00c9XICO (Santander)<\/li>\n<li>POMBO (Santander)<\/li>\n<li>MARISTAS (Sevilla)<\/li>\n<li>LA PEDRERA (Tarragona)<\/li>\n<li>RAMBLA NOVA (Tarragona)<\/li>\n<li>RAMON Y CAJAL (Tenerife)<\/li>\n<li>REINO DE VALENCIA (Valencia)<\/li>\n<li>PLAZA DE PORTUGAL (Vigo)<\/li>\n<li>MARINA ESPA\u00d1OLA (Zamora)<\/li>\n<li>HOSPITAL CL\u00cdNIC-CEK (Barcelona)<\/li>\n<li>HOSPITAL DE ESPERIT SANT <span data-olk-copy-source=\"MessageBody\">(Santa Coloma de Gramanet) (Barcelona)<\/span><\/li>\n<li>HOSPITAL SAGRAT COR (Barcelona)<\/li>\n<li>HOSPITAL DE FIGUERES (Figueres) (Girona)<\/li>\n<li>VAYREDA PALAU FIRAL (Girona)<\/li>\n<li>VAYREDA CARAVANAS (Girona)<\/li>\n<li>COMPLEJO HOSPITALARIO DE LE\u00d3N (Le\u00f3n)<\/li>\n<li>HOSPITAL LA CONCEPCI\u00d3N (Madrid)<\/li>\n<li>HOSPITAL RAM\u00d3N Y CAJAL (Madrid)<\/li>\n<li>MEND\u00cdBIL (Ir\u00fan)<\/li>\n<li>ZONA HOSPITALARIA (Pamplona)<\/li>\n<li>HOSPITAL R\u00cdO HORTEGA (Valladolid)<\/li>\n<li>MERCADO DEL CARMEN (Huelva)<\/li>\n<li>MERCADO DE MARBELLA (Marbella) (M\u00e1laga)<\/li>\n<li>BALUARTE (Pamplona)<\/li>\n<li>\u00c1REA CENTRAL (Santiago de Compostela)<\/li>\n<li>MERCADO DE RUZAFA (Valencia)<\/li>\n<li>PASEO DE INVIERNO (Tudela) (Navarra)<\/li>\n<li>ORDO\u00d1O II (Le\u00f3n)<\/li>\n<li>BALUARTE DE SANTIAGO (MENACHO) (Badajoz)<\/li>\n<li>PARKING ORPEA (Barcelona)<\/li>\n<li>TORREBLANCA (Sant Cugat del Vall\u00e9s) (Barcelona)<\/li>\n<li>SAAVEDRA - PLAZA EUROPA (Murcia)<\/li>\n<li>COL\u00d3N - PLAZA MAYOR (Salamanca)<\/li>\n<li>SAN AT\u00d3N (Badajoz)<\/li>\n<li>PEDRO ANTONIO DE ALARC\u00d3N (Granada)<\/li>\n<li>EL VIOL\u00d3N (Granada)<\/li>\n<li>ESTADIO NUEVO LOS C\u00c1RMENES (Granada)<\/li>\n<li>FABRICA DE TABACOS<\/li>\n<li>ALBAREDA PLAYA DE LAS CANTERAS (Las Palmas)<\/li>\n<li>SECRETARIO PADILLA (Las Palmas)<\/li>\n<li>PONZANO (Madrid)<\/li>\n<li>HOSPITAL VIRGEN DE LA ARRIXACA (Murcia)<\/li>\n<li>ACUEDUCTO ORIENTAL (Segovia)<\/li>\n<li>ARCA REAL (Valladolid)<\/li>\n<li>PORTUGALETE (Valladolid)<\/li>\n<li>LA ROMAREDA (Zaragoza)<\/li>\n<li>PASEO MARITIMO (Marbella)<\/li>\n<li><span data-olk-copy-source=\"MessageBody\">POETA MARQUINA <\/span>(Girona)<\/li>\n<li class=\"x_x_MsoListParagraph\">BRAVO MURILLO 359 (Madrid)<\/li>\n<li class=\"x_x_MsoNormal\">VARELA \u2013 PLAYA (C\u00e1diz)<\/li>\n<li class=\"x_x_MsoNormal\">HOSPITAL DE CABRA (C\u00f3rdoba)<\/li>\n<li class=\"x_x_MsoNormal\">PLAZA SAN FRANCISCO (Zaragoza)<\/li>\n<li class=\"x_x_MsoNormal\">GRAN V\u00cdA (Majadahonda)<\/li>\n<li class=\"x_x_MsoNormal\">CALLE REAL (Almer\u00eda)<\/li>\n<li class=\"x_x_MsoNormal\">SAN AGUST\u00cdN (Granada)<\/li>\n<\/ul>\n<p>&nbsp;<\/p>\n<div>\n<h4><strong>DORNIER, S.A.U.<\/strong><\/h4>\n<h6>Avd. General Per\u00f3n 36 \u2013 1\u00aa pta. - 28020 Madrid - CIF A-58369497<\/h6>\n<\/div>\n<p>&nbsp;<\/p>\n<ul>\n<li>EL RASTRO (\u00c1vila)<\/li>\n<li>LOS JER\u00d3NIMOS (\u00c1vila)<\/li>\n<li>JUAN PABLO II (Tomelloso) (Ciudad Real)<\/li>\n<li>SAN JAIME (Onteniente) (Valencia)<\/li>\n<li>CAN MARIO (Palafrugell) (Girona)<\/li>\n<li>PLATJA GRAN (Tossa de Mar) (Girona)<\/li>\n<li>PORTA DE SANT FELIU (Tossa de Mar) (Girona)<\/li>\n<li>PUERTO RICO (Tossa de Mar) (Girona)<\/li>\n<li>\u00c0NCORA (Tossa de Mar) (Girona)<\/li>\n<li>JUAN CARLOS I (Torrent) (Valencia)<\/li>\n<li>LA BASSA (X\u00e1tiva) (Valencia)<\/li>\n<\/ul>\n<div>\u00a0<\/div>\n<h4><strong>CONCHA PARKING, S.A.<\/strong><\/h4>\n<h6>\u00a0Aparcamiento Boulevard - Avd. de la Alameda del Boulevard - 20003 Donostia - Guip\u00fazcoa<\/h6>\n<p>&nbsp;<\/p>\n<ul>\n<li>LA CONCHA (San Sebasti\u00e1n)<\/li>\n<\/ul>\n<div>\n<h4><strong>GUIP\u00daZCOA PARKING SIGLO XXI, S.A.<\/strong><\/h4>\n<h6>\u00a0Aparcamiento Boulevard - Avd. de la Alameda del Boulevard - 20003 Donostia - Guip\u00fazcoa<\/h6>\n<p>&nbsp;<\/p>\n<\/div>\n<ul>\n<li>OKENDO (San Sebasti\u00e1n)<\/li>\n<\/ul>\n<p>&nbsp;<\/p>\n<div>\u00a0<\/div>\n<div>\n<h4><strong>APARCAMIENTOS GUIPUZCOANOS, S.L.<\/strong><\/h4>\n<h6>\u00a0Aparcamiento Boulevard - Avd. de la Alameda del Boulevard - 20003 Donostia - Guip\u00fazcoa<\/h6>\n<p>&nbsp;<\/p>\n<\/div>\n<ul>\n<li>PLAZA CATALU\u00d1A (San Sebasti\u00e1n)<\/li>\n<\/ul>\n<div>\n<p>&nbsp;<\/p>\n<h4><strong>ESTACIONAMIENTOS ALCARRE\u00d1OS, S.A.<\/strong><\/h4>\n<h6>Avd. General Per\u00f3n 36 \u2013 1\u00aa pta. - 28020 Madrid - CIF A-79490850<\/h6>\n<p>&nbsp;<\/p>\n<ul>\n<li>PLAZA SAN ANTONIO (Guadalajara)<\/li>\n<\/ul>\n<p>&nbsp;<\/p>\n<\/div>\n<h4><strong>ESTACIONAMIENTOS CELTAS, S.A.<\/strong><\/h4>\n<h6>Avenida de General Per\u00f3n, 36 \u2013 1\u00aa pta \/ 28020 Madrid - CIF A-32232894<\/h6>\n<p>&nbsp;<\/p>\n<ul>\n<li>PLAZA\u00a0 ALAMEDA (Orense)<\/li>\n<\/ul>\n<h4><strong>TELPARK BENIDORM, S.L.<\/strong><\/h4>\n<h6>Avd. General Per\u00f3n 36 \u2013 1\u00aa pta. - 28020 Madrid - CIF B-56735954<\/h6>\n<p>&nbsp;<\/p>\n<ul>\n<li>TOMAS ORTU\u00d1O (Benidorm)<\/li>\n<li>AMETLLA DEL MAR (Benidorm)<\/li>\n<li>MERCADO BENIDORM (Benidorm)<\/li>\n<\/ul>\n<h4><strong>GENERAL DE ESTACIONAMIENTOS, S.A.<\/strong><\/h4>\n<h6>Avenida de General Per\u00f3n, 36 \u2013 1\u00aa pta \/ 28020 Madrid - CIF A-78457934<\/h6>\n<p>&nbsp;<\/p>\n<ul>\n<li>PLAZA\u00a0 DE LOS JUZGADOS (Palencia)<\/li>\n<\/ul>\n<h4><strong>INMOBILIARIA PARCLA, S.A.<\/strong><\/h4>\n<h6>Avd. General Per\u00f3n 36 \u2013 1\u00aa pta. - 28020 Madrid - CIF A-28220962<\/h6>\n<p>&nbsp;<\/p>\n<ul>\n<li>BAIL\u00c9N (AVE VALENCIA) (Valencia)<\/li>\n<\/ul>\n<p>&nbsp;<\/p>\n<h4><strong>MAKSU ESPA\u00d1A, S.L.<\/strong><\/h4>\n<h6>Avd. General Per\u00f3n 36 \u2013 1\u00aa pta. - 28020 Madrid - CIF B-86389541<\/h6>\n<h4>\u00a0<\/h4>\n<h4><strong>MEIF 5 ARENA HOLDINGS, S.A.U.<\/strong><\/h4>\n<h6>Avd. General Per\u00f3n 36 \u2013 1\u00aa pta. - 28020 Madrid - CIF A-87845970<\/h6>\n<p>&nbsp;<\/p>\n<h4><strong>PARKING J.J. DOMINE, S.L.U.<\/strong><\/h4>\n<ul>\n<li>FRANCISCO SILVELA 21 (Madrid)<\/li>\n<li>RAFAEL RIEGO 14 (Madrid)<\/li>\n<li>RAFAEL RIEGO 5 (Madrid)<\/li>\n<li>PUERTO DE VALENCIA (Valencia)<\/li>\n<\/ul>\n<p>&nbsp;<\/p>\n<h2><strong>ANDORRA<\/strong><\/h2>\n<div>\n<h4><strong>APARCAMENT ESCALDES CENTRE, S.A.U.<\/strong><\/h4>\n<h6>Carrer Constituci\u00f3 - Aparcament Prat Gran \u2013 Pta. 1 - Escaldes-Engordany - Registro sociedades 10474.\u00a0 CIF A-705623-T<\/h6>\n<p>&nbsp;<\/p>\n<\/div>\n<ul>\n<li>ESCALDES CENTRE<\/li>\n<\/ul>\n<h2>\u00a0<\/h2>\n<h2><strong>PORTUGAL<\/strong><\/h2>\n<div>\n<h4><strong>CASTIL PARQUES - Sociedade Exploradora de Parques de Estacionamento S.A.<\/strong><\/h4>\n<h6>Av. Conde Valbom, n.\u00ba 30 \u2013 5\u00ba - 1050-068 - NIF - 500329737<\/h6>\n<p>&nbsp;<\/p>\n<\/div>\n<ul>\n<li>CASTIL<\/li>\n<\/ul>\n<div>\n<h4><strong>EMPARK PORTUGAL - Empreendimentos e Explora\u00e7\u00e3o de Parqueamentos S.A.<\/strong><\/h4>\n<h6>Av. Conde Valbom, n.\u00ba 30 \u2013 5\u00ba - 1050-068 - NIF - 503245160<\/h6>\n<p>&nbsp;<\/p>\n<\/div>\n<ul>\n<li>ALVES REDOL<\/li>\n<li>BARREIRO TRANSTEJO<\/li>\n<li>CACILHAS<\/li>\n<li>CAMPO DE OURIQUE<\/li>\n<li>CASINO ESTORIL<\/li>\n<li>DOCA ALC\u00c2NTARA ROCHA<\/li>\n<li>DOCAS<\/li>\n<li>DOCAS PONTE<\/li>\n<li>EDIFICIO MERIDIANO<\/li>\n<li>EDP SEDE<\/li>\n<li>ELIAS GARCIA<\/li>\n<li>ESTA\u00c7\u00c3O FERROVI\u00c1RIA DE CAMPANH\u00c3<\/li>\n<li>ESTA\u00c7\u00c3O FERROVI\u00c1RIA DE BRAGA<\/li>\n<li>ESTA\u00c7\u00c3O FERROVI\u00c1RIA DE DEVESAS<\/li>\n<li>ESTA\u00c7\u00c3O FERROVI\u00c1RIA DE ERMESINDE<\/li>\n<li>ESTA\u00c7\u00c3O FERROVI\u00c1RIA DE GENERAL TORRES<\/li>\n<li>ESTA\u00c7\u00c3O FERROVI\u00c1RIA DE SANTAR\u00c9M<\/li>\n<li>ESTA\u00c7\u00c3O FERROVI\u00c1RIA DE\u00a0S\u00c3O BENTO<\/li>\n<li>ESTA\u00c7\u00c3O METRO BOTICA<\/li>\n<li>ESTA\u00c7\u00c3O METRO EST\u00c1DIO DRAG\u00c3O<\/li>\n<li>GARE DO ORIENTE<\/li>\n<li>HOSPITAL CUF COIMBRA<\/li>\n<li>HOSPITAL CUF PORTO<\/li>\n<li>HOSPITAL CUF SANTAR\u00c9M<\/li>\n<li>HOSPITAL CUF TORRES VEDRAS<\/li>\n<li>HOSPITAL GARCIA DE ORTA<\/li>\n<li>INSTITUTO CUF PORTO<\/li>\n<li>LARGO DO RATO<\/li>\n<li>MERCADO MANUEL FIRMINO-AVEIRO<\/li>\n<li>MARIA CRISTINA<\/li>\n<li>MARQU\u00caS DE POMBAL<\/li>\n<li>MERCADO DA RIBEIRA-CAIS DO SODR\u00c9<\/li>\n<li>OCEAN\u00c1RIO<\/li>\n<li>PANORAMIC<\/li>\n<li>PARQUE DAS NA\u00c7\u00d5ES - HOSPITAL<\/li>\n<li>PARQUE PRAIA CALIF\u00d3RNIA<\/li>\n<li>PRA\u00c7A DA REP\u00daBLICA-PORTIM\u00c3O<\/li>\n<li>PRAIA DA FIGUEIRINHA<\/li>\n<li>SANTA APOL\u00d3NIA<\/li>\n<li>S\u00c3O BENTO-C.N.N.<\/li>\n<li>SEIXAL TRANSTEJO<\/li>\n<li>SETE RIOS<\/li>\n<li>SILO PRA\u00c7A DO ALMADA<\/li>\n<li>TERMINAL DE CRUZEIROS<\/li>\n<li>VILA REAL - PARQUE<\/li>\n<\/ul>\n<div>\n<h4><strong>EMSWAY PARK -\u00a0Gest\u00e3o de Estacionamentos Lda<\/strong><\/h4>\n<h6>Avenida Conde Valbom, 30- 5\u00ba, 1050-068 Lisboa \u2013 NIF 510103154<\/h6>\n<p>&nbsp;<\/p>\n<\/div>\n<ul>\n<li>HOSPITAL DE LOURES<\/li>\n<\/ul>\n<div>\n<h4><strong>ESLI \u2013 Parques de Estacionamento, S.A.<\/strong><\/h4>\n<h6>Av. Conde Valbom, n.\u00ba 30 \u2013 5\u00ba - 1050-068 - NIF - 503311685<\/h6>\n<p>&nbsp;<\/p>\n<\/div>\n<ul>\n<li>ALAMEDA<\/li>\n<li>AV. DE ROMA<\/li>\n<li>BAIXA-CHIADO<\/li>\n<li>BERNA<\/li>\n<li>BRASILIA<\/li>\n<li>CAM\u00d5ES<\/li>\n<li>CAMPOLIDE<\/li>\n<li>CAMPO M\u00c1RTIRES DA P\u00c1TRIA<\/li>\n<li>INFANTE SANTO<\/li>\n<li>LARGO DA ESTA\u00c7\u00c3O<\/li>\n<li>LARGO DE JESUS<\/li>\n<li>LEIRIA MARING\u00c1<\/li>\n<li>MOTA GALIZA<\/li>\n<li>PRA\u00c7A DE LONDRES<\/li>\n<li>RESTAURADORES<\/li>\n<li>SALDANHA<\/li>\n<li>VALBOM<\/li>\n<\/ul>\n<div>\n<h4><strong>DORNIER PORTUGAL, S.A.<\/strong><\/h4>\n<h6>Av. Conde Valbom, n.\u00ba 30 \u2013 5\u00ba - 1050-068 - NIF - 502936312<\/h6>\n<p>&nbsp;<\/p>\n<\/div>\n<ul>\n<li>HOSPITAL DISTRITAL DA FIGUEIRA DA FOZ<\/li>\n<li>FUND\u00c2O PARQUE<\/li>\n<\/ul>\n<div>\n<h4><strong>MULTI 49 \u2013 Sociedade Imobili\u00e1ria, S.A.<\/strong><\/h4>\n<h6>Av. Conde Valbom, n.\u00ba 30 \u2013 5\u00ba - 1050-068 - NIF - 508678684<\/h6>\n<p>&nbsp;<\/p>\n<\/div>\n<ul>\n<li>\n<p>MERCADO 1\u00ba DE MAIO<\/p>\n<\/li>\n<li>\n<p>SALDANHA RESIDENCE<\/p>\n<\/li>\n<\/ul>\n<div>\n<h4><strong>PARQUEGIL \u2013 Planeamento e Gest\u00e3o de Estacionamento, S.A.<\/strong><\/h4>\n<h6>Av. Conde Valbom, n.\u00ba 30 \u2013 5\u00ba - 1050-068 - NIF - 504900072<\/h6>\n<p>&nbsp;<\/p>\n<\/div>\n<ul>\n<li>\n<p>CENTRO C\u00cdVICO<\/p>\n<\/li>\n<li>\n<p>CENTRO HIST\u00d3RICO<\/p>\n<\/li>\n<li>\n<p>D. JO\u00c3O I<\/p>\n<\/li>\n<li>\n<p>LUIZ I<\/p>\n<\/li>\n<\/ul>\n<div>\n<h4><strong>SIENT - Sistemas de Engenharia de Tr\u00e2nsito, S.A.<\/strong><\/h4>\n<h6>Av. Conde Valbom, n.\u00ba 30 \u2013 5\u00ba - 1050-068 - NIF - 502834137<\/h6>\n<p>&nbsp;<\/p>\n<\/div>\n<ul>\n<li>CEMIT\u00c9RIO DOS JUDEUS<\/li>\n<li>CL\u00cdNICA DE OEIRAS<\/li>\n<li>HOSPITAL DA LUZ<\/li>\n<li>PARQUE P1 ALBUFEIRA<\/li>\n<li>SA\u00daDE\u00a0<\/li>\n<\/ul>\n<div>\n<h4><strong>SOMAS E TRA\u00c7OS, Lda.<\/strong><\/h4>\n<h6>Av. Conde Valbom, n.\u00ba 30 \u2013 5\u00ba - 1050-068 - NIF - 514450282<\/h6>\n<p>&nbsp;<\/p>\n<\/div>\n<ul>\n<li>CAMPO DA AGONIA<\/li>\n<li>MARL<\/li>\n<\/ul>\n<div>\n<h4><strong>SPGIS - Planeamento e Gest\u00e3o de Estacionamento, S.A.<\/strong><\/h4>\n<h6>Av. Conde Valbom, n.\u00ba 30 \u2013 5\u00ba - 1050-068 - NIF - 503754811<\/h6>\n<p>&nbsp;<\/p>\n<\/div>\n<ul>\n<li>\n<p>ALVALADE XXI<\/p>\n<\/li>\n<li>\n<p>ALEXANDRE HERCULANO<\/p>\n<\/li>\n<li>\n<p>ARCO DO CEGO II<\/p>\n<\/li>\n<li>\n<p>CAMPO GRANDE CHURRASQUEIRA<\/p>\n<\/li>\n<li>\n<p>CAMPO GRANDE ESTA\u00c7\u00c3O<\/p>\n<\/li>\n<li>\n<p>CAMPO GRANDE VIADUTO<\/p>\n<\/li>\n<\/ul>\n<\/td>\n<\/tr>\n<\/tbody>\n<\/table>\n\n        <\/div>\n    <\/div>\n<\/article>","protected":false},"excerpt":{"rendered":"","protected":false},"author":15,"featured_media":1577,"parent":0,"menu_order":0,"comment_status":"closed","ping_status":"closed","template":"","meta":{"footnotes":""},"yoast_head":"<!-- This site is optimized with the Yoast SEO plugin v20.12 - https:\/\/yoast.com\/wordpress\/plugins\/seo\/ -->\n<title>Empresas del Grupo - Empark<\/title>\n<meta name=\"robots\" content=\"index, follow, max-snippet:-1, max-image-preview:large, max-video-preview:-1\" \/>\n<link rel=\"canonical\" href=\"https:\/\/www.empark.com\/es\/empresas-del-grupo\/\" \/>\n<meta property=\"og:locale\" content=\"es_ES\" \/>\n<meta property=\"og:type\" content=\"article\" \/>\n<meta property=\"og:title\" content=\"Empresas del Grupo - Empark\" \/>\n<meta property=\"og:url\" content=\"https:\/\/www.empark.com\/es\/empresas-del-grupo\/\" \/>\n<meta property=\"og:site_name\" content=\"Empark\" \/>\n<meta property=\"article:modified_time\" content=\"2026-02-17T16:40:50+00:00\" \/>\n<meta property=\"og:image\" content=\"https:\/\/www.empark.com\/wp-content\/uploads\/sites\/2\/2023\/06\/Hero-Banner-Empresas-Grupo-Empark.jpg\" \/>\n\t<meta property=\"og:image:width\" content=\"1940\" \/>\n\t<meta property=\"og:image:height\" content=\"660\" \/>\n\t<meta property=\"og:image:type\" content=\"image\/jpeg\" \/>\n<meta name=\"twitter:card\" content=\"summary_large_image\" \/>\n<script type=\"application\/ld+json\" class=\"yoast-schema-graph\">{\"@context\":\"https:\/\/schema.org\",\"@graph\":[{\"@type\":\"WebPage\",\"@id\":\"https:\/\/www.empark.com\/es\/empresas-del-grupo\/\",\"url\":\"https:\/\/www.empark.com\/es\/empresas-del-grupo\/\",\"name\":\"Empresas del Grupo - Empark\",\"isPartOf\":{\"@id\":\"https:\/\/www.empark.com\/es\/#website\"},\"datePublished\":\"2023-06-20T10:34:14+00:00\",\"dateModified\":\"2026-02-17T16:40:50+00:00\",\"breadcrumb\":{\"@id\":\"https:\/\/www.empark.com\/es\/empresas-del-grupo\/#breadcrumb\"},\"inLanguage\":\"es-ES\",\"potentialAction\":[{\"@type\":\"ReadAction\",\"target\":[\"https:\/\/www.empark.com\/es\/empresas-del-grupo\/\"]}]},{\"@type\":\"BreadcrumbList\",\"@id\":\"https:\/\/www.empark.com\/es\/empresas-del-grupo\/#breadcrumb\",\"itemListElement\":[{\"@type\":\"ListItem\",\"position\":1,\"name\":\"Home\",\"item\":\"https:\/\/www.empark.com\/es\/\"},{\"@type\":\"ListItem\",\"position\":2,\"name\":\"Empresas del Grupo\"}]},{\"@type\":\"WebSite\",\"@id\":\"https:\/\/www.empark.com\/es\/#website\",\"url\":\"https:\/\/www.empark.com\/es\/\",\"name\":\"Empark\",\"description\":\"L\u00edderes en el sector de aparcamientos y movilidad, con m\u00e1s de 455.000 plazas de aparcamiento que facilitan el desplazamiento de 150 millones de personas\",\"publisher\":{\"@id\":\"https:\/\/www.empark.com\/es\/#organization\"},\"potentialAction\":[{\"@type\":\"SearchAction\",\"target\":{\"@type\":\"EntryPoint\",\"urlTemplate\":\"https:\/\/www.empark.com\/es\/?s={search_term_string}\"},\"query-input\":\"required name=search_term_string\"}],\"inLanguage\":\"es-ES\"},{\"@type\":\"Organization\",\"@id\":\"https:\/\/www.empark.com\/es\/#organization\",\"name\":\"Empark\",\"url\":\"https:\/\/www.empark.com\/es\/\",\"logo\":{\"@type\":\"ImageObject\",\"inLanguage\":\"es-ES\",\"@id\":\"https:\/\/www.empark.com\/es\/#\/schema\/logo\/image\/\",\"url\":\"https:\/\/www.empark.com\/wp-content\/uploads\/sites\/2\/2023\/09\/empark-logo.svg\",\"contentUrl\":\"https:\/\/www.empark.com\/wp-content\/uploads\/sites\/2\/2023\/09\/empark-logo.svg\",\"width\":100,\"height\":32,\"caption\":\"Empark\"},\"image\":{\"@id\":\"https:\/\/www.empark.com\/es\/#\/schema\/logo\/image\/\"}}]}<\/script>\n<!-- \/ Yoast SEO plugin. -->","yoast_head_json":{"title":"Empresas del Grupo - Empark","robots":{"index":"index","follow":"follow","max-snippet":"max-snippet:-1","max-image-preview":"max-image-preview:large","max-video-preview":"max-video-preview:-1"},"canonical":"https:\/\/www.empark.com\/es\/empresas-del-grupo\/","og_locale":"es_ES","og_type":"article","og_title":"Empresas del Grupo - Empark","og_url":"https:\/\/www.empark.com\/es\/empresas-del-grupo\/","og_site_name":"Empark","article_modified_time":"2026-02-17T16:40:50+00:00","og_image":[{"width":1940,"height":660,"url":"https:\/\/www.empark.com\/wp-content\/uploads\/sites\/2\/2023\/06\/Hero-Banner-Empresas-Grupo-Empark.jpg","type":"image\/jpeg"}],"twitter_card":"summary_large_image","schema":{"@context":"https:\/\/schema.org","@graph":[{"@type":"WebPage","@id":"https:\/\/www.empark.com\/es\/empresas-del-grupo\/","url":"https:\/\/www.empark.com\/es\/empresas-del-grupo\/","name":"Empresas del Grupo - Empark","isPartOf":{"@id":"https:\/\/www.empark.com\/es\/#website"},"datePublished":"2023-06-20T10:34:14+00:00","dateModified":"2026-02-17T16:40:50+00:00","breadcrumb":{"@id":"https:\/\/www.empark.com\/es\/empresas-del-grupo\/#breadcrumb"},"inLanguage":"es-ES","potentialAction":[{"@type":"ReadAction","target":["https:\/\/www.empark.com\/es\/empresas-del-grupo\/"]}]},{"@type":"BreadcrumbList","@id":"https:\/\/www.empark.com\/es\/empresas-del-grupo\/#breadcrumb","itemListElement":[{"@type":"ListItem","position":1,"name":"Home","item":"https:\/\/www.empark.com\/es\/"},{"@type":"ListItem","position":2,"name":"Empresas del Grupo"}]},{"@type":"WebSite","@id":"https:\/\/www.empark.com\/es\/#website","url":"https:\/\/www.empark.com\/es\/","name":"Empark","description":"L\u00edderes en el sector de aparcamientos y movilidad, con m\u00e1s de 455.000 plazas de aparcamiento que facilitan el desplazamiento de 150 millones de personas","publisher":{"@id":"https:\/\/www.empark.com\/es\/#organization"},"potentialAction":[{"@type":"SearchAction","target":{"@type":"EntryPoint","urlTemplate":"https:\/\/www.empark.com\/es\/?s={search_term_string}"},"query-input":"required name=search_term_string"}],"inLanguage":"es-ES"},{"@type":"Organization","@id":"https:\/\/www.empark.com\/es\/#organization","name":"Empark","url":"https:\/\/www.empark.com\/es\/","logo":{"@type":"ImageObject","inLanguage":"es-ES","@id":"https:\/\/www.empark.com\/es\/#\/schema\/logo\/image\/","url":"https:\/\/www.empark.com\/wp-content\/uploads\/sites\/2\/2023\/09\/empark-logo.svg","contentUrl":"https:\/\/www.empark.com\/wp-content\/uploads\/sites\/2\/2023\/09\/empark-logo.svg","width":100,"height":32,"caption":"Empark"},"image":{"@id":"https:\/\/www.empark.com\/es\/#\/schema\/logo\/image\/"}}]}},"meta_box":[],"_links":{"self":[{"href":"https:\/\/www.empark.com\/es\/wp-json\/wp\/v2\/pages\/1570"}],"collection":[{"href":"https:\/\/www.empark.com\/es\/wp-json\/wp\/v2\/pages"}],"about":[{"href":"https:\/\/www.empark.com\/es\/wp-json\/wp\/v2\/types\/page"}],"author":[{"embeddable":true,"href":"https:\/\/www.empark.com\/es\/wp-json\/wp\/v2\/users\/15"}],"replies":[{"embeddable":true,"href":"https:\/\/www.empark.com\/es\/wp-json\/wp\/v2\/comments?post=1570"}],"version-history":[{"count":3,"href":"https:\/\/www.empark.com\/es\/wp-json\/wp\/v2\/pages\/1570\/revisions"}],"predecessor-version":[{"id":4777,"href":"https:\/\/www.empark.com\/es\/wp-json\/wp\/v2\/pages\/1570\/revisions\/4777"}],"wp:featuredmedia":[{"embeddable":true,"href":"https:\/\/www.empark.com\/es\/wp-json\/wp\/v2\/media\/1577"}],"wp:attachment":[{"href":"https:\/\/www.empark.com\/es\/wp-json\/wp\/v2\/media?parent=1570"}],"curies":[{"name":"wp","href":"https:\/\/api.w.org\/{rel}","templated":true}]}}