{"id":13,"date":"2023-02-16T14:56:52","date_gmt":"2023-02-16T14:56:52","guid":{"rendered":"https:\/\/empark.com\/?page_id=13"},"modified":"2026-03-31T11:13:28","modified_gmt":"2026-03-31T10:13:28","slug":"nosotros","status":"publish","type":"page","link":"https:\/\/www.empark.com\/es\/nosotros\/","title":{"rendered":"Nosotros"},"content":{"rendered":"\n<section class=\"tpk-hero                 lower\"\n         style=\"\">\n                        <picture >\n\n                    <source srcset=\"https:\/\/www.empark.com\/wp-content\/uploads\/sites\/2\/2023\/04\/nosotros-480x551.jpg\" media=\"((min-width: 0rem) and (max-width: 30rem))\">\n                             <source srcset=\"https:\/\/www.empark.com\/wp-content\/uploads\/sites\/2\/2023\/04\/nosotros-1024x500.jpg\" media=\"(min-width: 30rem) and (max-width: 64rem)\" >\n                            <source srcset=\"https:\/\/www.empark.com\/wp-content\/uploads\/sites\/2\/2023\/04\/nosotros.jpg\" media=\"(min-width: 64rem)\" >\n        \n        \n                                                                                                        \n        <img decoding=\"async\" fetchpriority=\"high\" src=\"https:\/\/www.empark.com\/wp-content\/uploads\/sites\/2\/2023\/04\/nosotros.jpg\" alt=\"\"  width=\"1630\" height=\"551\"  loading=\"eager\">\n    <\/picture>\n\n    \n            <div class=\"tpk-breadcrumb wrapper row\">\n    <nav aria-label=\"Breadcrumb\">\n        <ul>\n                            <li>\n                                            <span aria-current=\"page\">Inicio<\/span>\n                                    <\/li>\n                    <\/ul>\n    <\/nav>\n<\/div>        <div class=\"tpk-hero__content wrapper row\">\n                    <div class=\"col-xs-12 col-sm-12 pr-h pl-h\">\n                                <header class=\"tpk-head  wrapper\">\n    <p class=\"tpk-head__caption\">Nosotros<\/p>    <h1 class=\"tpk-head__title\">Una empresa joven con m\u00e1s de 50 a\u00f1os de experiencia<\/h1>    <\/header>\n            \n                    <\/div>\n    <\/div>\n    <\/section>\n<div class=\"tpk-spinner__wrapper\">\n    <div class=\"tpk-spinner\"><\/div>\n<\/div>\n\n<article class=\"tpk-page\">\n    <div class=\"row wrapper center-xs tpk-page__content\">\n        <div class=\"col-xs-12 col-sm-10 col-md-8 pt-4 pb-4\">\n            <h3>Misi\u00f3n, visi\u00f3n y valores<\/h3>\n<p>Somos el referente en movilidad en Iberia, ofreciendo soluciones plenas, especializadas y eficaces para la gesti\u00f3n de la movilidad urbana; dejando un legado positivo en la sociedad, promoviendo e incluyendo las pr\u00e1cticas ESG en nuestra industria. <br \/>Contamos con un prop\u00f3sito muy claro, el de facilitar la nueva movilidad urbana de bienes y personas con nuestro valores siempre presentes en ese camino: <strong>nuestro pensamiento emprendedor, nuestro orgullo de pertenencia, el pensar siempre poni\u00e9ndonos en la piel del cliente, y todo ello liderado por un equipo unido que nos hace m\u00e1s fuertes.<\/strong><\/p>\n<p><!--StartFragment --><\/p>\n<p><!--EndFragment --><\/p>\n<p><!--StartFragment --><\/p>\n<blockquote>\n<h4>Misi\u00f3n:\u00a0Ayudar a nuestros clientes a llegar a su destino. M\u00e1s r\u00e1pido, m\u00e1s f\u00e1cil, m\u00e1s sostenible.\u00a0<\/h4>\n<p>&nbsp;<\/p>\n<h4>Visi\u00f3n: <span data-olk-copy-source=\"MessageBody\"> Facilitar la vida de las personas, creando posibilidades de forma sencilla e intuitiva.<\/span><\/h4>\n<\/blockquote>\n<p>Empark Aparcamientos y Servicios S. A. ofrece soluciones plenas, especializadas y eficaces para la gesti\u00f3n de la movilidad urbana. El principal objetivo del equipo de Empark es hacer sentir al usuario que la experiencia de aparcar resulta f\u00e1cil, confortable y eficiente; crear empat\u00eda entre los usuarios y los espacios Empark, y evitarle, en este proceso, cualquier percepci\u00f3n de incomodidad. En resumen: la marca Empark significa para el usuario un alivio, una gratificante soluci\u00f3n a la hora de mover su coche por la ciudad.<\/p>\n<p><img decoding=\"async\" loading=\"lazy\" class=\"alignnone size-full wp-image-1656\" src=\"https:\/\/www.empark.com\/wp-content\/uploads\/sites\/2\/2023\/06\/movilidad-urbana-empark.jpg\" alt=\"\" width=\"1000\" height=\"750\" \/><\/p>\n<p>Somos conscientes de la importancia y relevancia que tienen nuestros empleados para la consecuci\u00f3n de los objetivos y del papel prioritario que tienen las personas en nuestra compa\u00f1\u00eda. Por ello, nuestro compromiso con el desarrollo y la gesti\u00f3n del talento y el fomento del trabajo en equipo, son m\u00e1ximas que aplicamos en nuestro d\u00eda a d\u00eda.<\/p>\n<h3>\u00a0<\/h3>\n<h3>Historia<\/h3>\n<p>Con una trayectoria de m\u00e1s de 50 a\u00f1os en el sector y presencia en m\u00e1s de 150 ciudades, telpark es el principal operador en gesti\u00f3n integral de aparcamientos (Off Street), estacionamiento regulado en v\u00eda p\u00fablica (On Street) y carga el\u00e9ctrica de Espa\u00f1a y Portugal.\u00a0<\/p>\n<h4>As\u00ed somos<\/h4>\n<p><img decoding=\"async\" loading=\"lazy\" class=\"alignnone size-full wp-image-606\" src=\"https:\/\/www.empark.com\/wp-content\/uploads\/sites\/2\/2023\/05\/Asi_somos.jpg\" alt=\"\" width=\"1260\" height=\"495\" \/><\/p>\n<p>La compa\u00f1\u00eda, que opera bajo la marca comercial telpark, basa su modelo de crecimiento en una amplia oferta de servicios orientada a construir la mejor experiencia integral en torno a la movilidad urbana bajo una apuesta firme por la innovaci\u00f3n tecnol\u00f3gica como palanca clave para situar al ciudadano en el centro de su propuesta.<\/p>\n<p>Colaboramos como partners de referencia con las administraciones p\u00fablicas, empresas de gesti\u00f3n urbana y de infraestructuras de transporte para mejorar la vida y la movilidad de las ciudades. Interactuamos con tecnolog\u00edas de vanguardia, plataformas digitales y desarrollos de soluciones ad-hoc que se integran con los sistemas de nuestros clientes para garantizar transparencia, accesibilidad a la informaci\u00f3n y control en tiempo real de la gesti\u00f3n del estacionamiento.<\/p>\n\n        <\/div>\n    <\/div>\n<\/article>\n\n<section class=\"tpk-cities tpk-cities--directive \">\n    <div class=\"wrapper row center-xs\">\n        <div class=\"col-xs-12 col-sm-10 col-md-8\">        \n                <header class=\"tpk-head  wrapper\">\n        <h2 class=\"tpk-head__title\">Equipo directivo<\/h2>    <p>Contamos con un equipo directivo experimentado, con un promedio de 15 a\u00f1os de experiencia en la industria y 10 a\u00f1os de experiencia con el Grupo.<\/p>\n<p>La Compa\u00f1\u00eda mantiene un grupo accionario de apoyo con su accionista principal, MEIF 5, un fondo administrado por Macquarie Infrastructure and Real Assets (MIRA), que brinda un conocimiento profundo del mercado de estacionamiento, con una visi\u00f3n a largo plazo.<\/p>\n<\/header>        <\/div>\n    <\/div>\n    <div class=\"tpk-cities__list row wrapper\">\n                                                                            <a href=\"#\" class=\"tpk-picture-text\">\n    <img decoding=\"async\" loading=\"lazy\" src=\"https:\/\/www.empark.com\/wp-content\/uploads\/sites\/2\/2023\/04\/Pedro_Agapito.jpg\" alt=\"\" width=\"132\" height=\"132\" \/>\n                        <h6 class=\"tpk-picture-text__title\">Pedro Agapito<\/h6>        \n                            <p>Chief Executive Officer (CEO)<\/p>\n            <\/a>                                                                            <a href=\"#\" class=\"tpk-picture-text\">\n    <img decoding=\"async\" loading=\"lazy\" src=\"https:\/\/www.empark.com\/wp-content\/uploads\/sites\/2\/2025\/04\/Inigo-duque-2-220x220.jpg\" alt=\"\" width=\"132\" height=\"132\" \/>\n                        <h6 class=\"tpk-picture-text__title\">I\u00f1igo Duque<\/h6>        \n                            <p>Chief Financial Officer (CFO)<\/p>\n            <\/a>                                                                            <a href=\"#\" class=\"tpk-picture-text\">\n    <img decoding=\"async\" loading=\"lazy\" src=\"https:\/\/www.empark.com\/wp-content\/uploads\/sites\/2\/2025\/04\/Imagen-Ale_2_cut-220x220.jpg\" alt=\"\" width=\"132\" height=\"132\" \/>\n                        <h6 class=\"tpk-picture-text__title\">Alejandra L\u00f3pez-Baiss\u00f3n<\/h6>        \n                            <p>Chief People &amp; Culture Officer (CHRO)<\/p>\n            <\/a>                                                                            <a href=\"#\" class=\"tpk-picture-text\">\n    <img decoding=\"async\" loading=\"lazy\" src=\"https:\/\/www.empark.com\/wp-content\/uploads\/sites\/2\/2023\/04\/Ignacion-Merry-del-Val-1.jpg\" alt=\"\" width=\"132\" height=\"132\" \/>\n                        <h6 class=\"tpk-picture-text__title\">Ignacio Merry del Val <\/h6>        \n                            <p>Chief Operating Officer Off-Street (COO Off-Street)<\/p>\n            <\/a>                                                                            <a href=\"#\" class=\"tpk-picture-text\">\n    <img decoding=\"async\" loading=\"lazy\" src=\"https:\/\/www.empark.com\/wp-content\/uploads\/sites\/2\/2023\/04\/Luis-Blanco-.jpg\" alt=\"\" width=\"132\" height=\"132\" \/>\n                        <h6 class=\"tpk-picture-text__title\">Luis Blanco<\/h6>        \n                            <p>Chief Operating Officer On-Street (COO On-Street)<\/p>\n            <\/a>                                                                            <a href=\"#\" class=\"tpk-picture-text\">\n    <img decoding=\"async\" loading=\"lazy\" src=\"https:\/\/www.empark.com\/wp-content\/uploads\/sites\/2\/2023\/04\/Max-Crane.jpg\" alt=\"\" width=\"132\" height=\"132\" \/>\n                        <h6 class=\"tpk-picture-text__title\">Max Crane-Robinson<\/h6>        \n                            <p>Chief Commercial Officer (CCO)<\/p>\n            <\/a>                                                                            <a href=\"#\" class=\"tpk-picture-text\">\n    <img decoding=\"async\" loading=\"lazy\" src=\"https:\/\/www.empark.com\/wp-content\/uploads\/sites\/2\/2023\/04\/Antonio_Jimenez.jpg\" alt=\"\" width=\"132\" height=\"132\" \/>\n                        <h6 class=\"tpk-picture-text__title\">Antonio Jim\u00e9nez<\/h6>        \n                            <p>Chief Business Development Officer (CBDO)<\/p>\n            <\/a>                                                                            <a href=\"#\" class=\"tpk-picture-text\">\n    <img decoding=\"async\" loading=\"lazy\" src=\"https:\/\/www.empark.com\/wp-content\/uploads\/sites\/2\/2023\/04\/Luciano_Verdi.jpg\" alt=\"\" width=\"132\" height=\"132\" \/>\n                        <h6 class=\"tpk-picture-text__title\">Luciano Verdi<\/h6>        \n                            <p>Chief Legal &amp; Compliance Officer (CL&amp;CO)<\/p>\n            <\/a>            <\/div>\n    <\/section>","protected":false},"excerpt":{"rendered":"","protected":false},"author":1,"featured_media":222,"parent":0,"menu_order":0,"comment_status":"closed","ping_status":"closed","template":"","meta":{"footnotes":""},"yoast_head":"<!-- This site is optimized with the Yoast SEO plugin v20.12 - https:\/\/yoast.com\/wordpress\/plugins\/seo\/ -->\n<title>Nosotros - Empark<\/title>\n<meta name=\"robots\" content=\"index, follow, max-snippet:-1, max-image-preview:large, max-video-preview:-1\" \/>\n<link rel=\"canonical\" href=\"https:\/\/www.empark.com\/es\/nosotros\/\" \/>\n<meta property=\"og:locale\" content=\"es_ES\" \/>\n<meta property=\"og:type\" content=\"article\" \/>\n<meta property=\"og:title\" content=\"Nosotros - Empark\" \/>\n<meta property=\"og:url\" content=\"https:\/\/www.empark.com\/es\/nosotros\/\" \/>\n<meta property=\"og:site_name\" content=\"Empark\" \/>\n<meta property=\"article:modified_time\" content=\"2026-03-31T10:13:28+00:00\" \/>\n<meta property=\"og:image\" content=\"https:\/\/www.empark.com\/wp-content\/uploads\/sites\/2\/2023\/04\/nosotros.jpg\" \/>\n\t<meta property=\"og:image:width\" content=\"1630\" \/>\n\t<meta property=\"og:image:height\" content=\"551\" \/>\n\t<meta property=\"og:image:type\" content=\"image\/jpeg\" \/>\n<meta name=\"twitter:card\" content=\"summary_large_image\" \/>\n<script type=\"application\/ld+json\" class=\"yoast-schema-graph\">{\"@context\":\"https:\/\/schema.org\",\"@graph\":[{\"@type\":\"WebPage\",\"@id\":\"https:\/\/www.empark.com\/es\/nosotros\/\",\"url\":\"https:\/\/www.empark.com\/es\/nosotros\/\",\"name\":\"Nosotros - Empark\",\"isPartOf\":{\"@id\":\"https:\/\/www.empark.com\/es\/#website\"},\"datePublished\":\"2023-02-16T14:56:52+00:00\",\"dateModified\":\"2026-03-31T10:13:28+00:00\",\"breadcrumb\":{\"@id\":\"https:\/\/www.empark.com\/es\/nosotros\/#breadcrumb\"},\"inLanguage\":\"es-ES\",\"potentialAction\":[{\"@type\":\"ReadAction\",\"target\":[\"https:\/\/www.empark.com\/es\/nosotros\/\"]}]},{\"@type\":\"BreadcrumbList\",\"@id\":\"https:\/\/www.empark.com\/es\/nosotros\/#breadcrumb\",\"itemListElement\":[{\"@type\":\"ListItem\",\"position\":1,\"name\":\"Home\",\"item\":\"https:\/\/www.empark.com\/es\/\"},{\"@type\":\"ListItem\",\"position\":2,\"name\":\"Nosotros\"}]},{\"@type\":\"WebSite\",\"@id\":\"https:\/\/www.empark.com\/es\/#website\",\"url\":\"https:\/\/www.empark.com\/es\/\",\"name\":\"Empark\",\"description\":\"L\u00edderes en el sector de aparcamientos y movilidad, con m\u00e1s de 455.000 plazas de aparcamiento que facilitan el desplazamiento de 150 millones de personas\",\"publisher\":{\"@id\":\"https:\/\/www.empark.com\/es\/#organization\"},\"potentialAction\":[{\"@type\":\"SearchAction\",\"target\":{\"@type\":\"EntryPoint\",\"urlTemplate\":\"https:\/\/www.empark.com\/es\/?s={search_term_string}\"},\"query-input\":\"required name=search_term_string\"}],\"inLanguage\":\"es-ES\"},{\"@type\":\"Organization\",\"@id\":\"https:\/\/www.empark.com\/es\/#organization\",\"name\":\"Empark\",\"url\":\"https:\/\/www.empark.com\/es\/\",\"logo\":{\"@type\":\"ImageObject\",\"inLanguage\":\"es-ES\",\"@id\":\"https:\/\/www.empark.com\/es\/#\/schema\/logo\/image\/\",\"url\":\"https:\/\/www.empark.com\/wp-content\/uploads\/sites\/2\/2023\/09\/empark-logo.svg\",\"contentUrl\":\"https:\/\/www.empark.com\/wp-content\/uploads\/sites\/2\/2023\/09\/empark-logo.svg\",\"width\":100,\"height\":32,\"caption\":\"Empark\"},\"image\":{\"@id\":\"https:\/\/www.empark.com\/es\/#\/schema\/logo\/image\/\"}}]}<\/script>\n<!-- \/ Yoast SEO plugin. -->","yoast_head_json":{"title":"Nosotros - Empark","robots":{"index":"index","follow":"follow","max-snippet":"max-snippet:-1","max-image-preview":"max-image-preview:large","max-video-preview":"max-video-preview:-1"},"canonical":"https:\/\/www.empark.com\/es\/nosotros\/","og_locale":"es_ES","og_type":"article","og_title":"Nosotros - Empark","og_url":"https:\/\/www.empark.com\/es\/nosotros\/","og_site_name":"Empark","article_modified_time":"2026-03-31T10:13:28+00:00","og_image":[{"width":1630,"height":551,"url":"https:\/\/www.empark.com\/wp-content\/uploads\/sites\/2\/2023\/04\/nosotros.jpg","type":"image\/jpeg"}],"twitter_card":"summary_large_image","schema":{"@context":"https:\/\/schema.org","@graph":[{"@type":"WebPage","@id":"https:\/\/www.empark.com\/es\/nosotros\/","url":"https:\/\/www.empark.com\/es\/nosotros\/","name":"Nosotros - Empark","isPartOf":{"@id":"https:\/\/www.empark.com\/es\/#website"},"datePublished":"2023-02-16T14:56:52+00:00","dateModified":"2026-03-31T10:13:28+00:00","breadcrumb":{"@id":"https:\/\/www.empark.com\/es\/nosotros\/#breadcrumb"},"inLanguage":"es-ES","potentialAction":[{"@type":"ReadAction","target":["https:\/\/www.empark.com\/es\/nosotros\/"]}]},{"@type":"BreadcrumbList","@id":"https:\/\/www.empark.com\/es\/nosotros\/#breadcrumb","itemListElement":[{"@type":"ListItem","position":1,"name":"Home","item":"https:\/\/www.empark.com\/es\/"},{"@type":"ListItem","position":2,"name":"Nosotros"}]},{"@type":"WebSite","@id":"https:\/\/www.empark.com\/es\/#website","url":"https:\/\/www.empark.com\/es\/","name":"Empark","description":"L\u00edderes en el sector de aparcamientos y movilidad, con m\u00e1s de 455.000 plazas de aparcamiento que facilitan el desplazamiento de 150 millones de personas","publisher":{"@id":"https:\/\/www.empark.com\/es\/#organization"},"potentialAction":[{"@type":"SearchAction","target":{"@type":"EntryPoint","urlTemplate":"https:\/\/www.empark.com\/es\/?s={search_term_string}"},"query-input":"required name=search_term_string"}],"inLanguage":"es-ES"},{"@type":"Organization","@id":"https:\/\/www.empark.com\/es\/#organization","name":"Empark","url":"https:\/\/www.empark.com\/es\/","logo":{"@type":"ImageObject","inLanguage":"es-ES","@id":"https:\/\/www.empark.com\/es\/#\/schema\/logo\/image\/","url":"https:\/\/www.empark.com\/wp-content\/uploads\/sites\/2\/2023\/09\/empark-logo.svg","contentUrl":"https:\/\/www.empark.com\/wp-content\/uploads\/sites\/2\/2023\/09\/empark-logo.svg","width":100,"height":32,"caption":"Empark"},"image":{"@id":"https:\/\/www.empark.com\/es\/#\/schema\/logo\/image\/"}}]}},"meta_box":[],"_links":{"self":[{"href":"https:\/\/www.empark.com\/es\/wp-json\/wp\/v2\/pages\/13"}],"collection":[{"href":"https:\/\/www.empark.com\/es\/wp-json\/wp\/v2\/pages"}],"about":[{"href":"https:\/\/www.empark.com\/es\/wp-json\/wp\/v2\/types\/page"}],"author":[{"embeddable":true,"href":"https:\/\/www.empark.com\/es\/wp-json\/wp\/v2\/users\/1"}],"replies":[{"embeddable":true,"href":"https:\/\/www.empark.com\/es\/wp-json\/wp\/v2\/comments?post=13"}],"version-history":[{"count":2,"href":"https:\/\/www.empark.com\/es\/wp-json\/wp\/v2\/pages\/13\/revisions"}],"predecessor-version":[{"id":4875,"href":"https:\/\/www.empark.com\/es\/wp-json\/wp\/v2\/pages\/13\/revisions\/4875"}],"wp:featuredmedia":[{"embeddable":true,"href":"https:\/\/www.empark.com\/es\/wp-json\/wp\/v2\/media\/222"}],"wp:attachment":[{"href":"https:\/\/www.empark.com\/es\/wp-json\/wp\/v2\/media?parent=13"}],"curies":[{"name":"wp","href":"https:\/\/api.w.org\/{rel}","templated":true}]}}